{"id":3965,"date":"2021-10-11T00:10:09","date_gmt":"2021-10-10T21:10:09","guid":{"rendered":"https:\/\/www.aldaghukuk.com\/?page_id=3965"},"modified":"2022-01-24T12:02:01","modified_gmt":"2022-01-24T09:02:01","slug":"companies-law-commercial-trade-law-and-contracts-law-consulting-services","status":"publish","type":"page","link":"https:\/\/aldaghukuk.com\/en\/companies-law-commercial-trade-law-and-contracts-law-consulting-services\/","title":{"rendered":"COMPANIES LAW, COMMERCIAL (TRADE) LAW AND CONTRACTS LAW CONSULTING SERVICES"},"content":{"rendered":"<p>[vc_row css_animation=&#8221;none&#8221; bg_type=&#8221;bg_color&#8221; bg_color_value=&#8221;#ffffff&#8221; css=&#8221;.vc_custom_1635880019382{padding-top: 20px !important;padding-right: 20px !important;padding-bottom: 20px !important;padding-left: 20px !important;}&#8221;][vc_column css_animation=&#8221;none&#8221; width=&#8221;2\/3&#8243;][vc_single_image image=&#8221;4041&#8243; img_size=&#8221;full&#8221;]<div class=\"ult-spacer spacer-69e75549cb47f\" data-id=\"69e75549cb47f\" data-height=\"50\" data-height-mobile=\"50\" data-height-tab=\"50\" data-height-tab-portrait=\"\" data-height-mobile-landscape=\"\" style=\"clear:both;display:block;\"><\/div>[vc_column_text]<\/p>\n<p style=\"text-align: justify;\">Corporate, Commercial and Contracts Law Consultancy covers the largest area of services within Alda\u011f Hukuk &amp; Dan\u0131\u015fmanl\u0131k. The services we offer include the establishment of joint stock companies, limited liability companies, branches and liaison offices in Turkey, conducting the establishment processes, meeting all legal needs that a company or legal entity may need, regardless of its nature, with maximum service quality, as well as consultancy for board meetings. It covers a wide area such as providing services, conducting ordinary and extraordinary general assembly meetings, evaluating the situations of companies in bankruptcy and concordat processes, and evaluating the processes of capital increase and decrease both in terms of company law.<\/p>\n<p style=\"text-align: justify;\">Aldag Law&amp;Consultancy also provides legal consultancy services regarding the management of debts of debtor companies that are in debt or are likely to be in debt, without facing the threat of execution. In this way, it is ensured that the commercial assets and business relations of the companies are maintained at the maximum level within the framework of legal limits. In this way, appropriate solutions are provided to all legal demands of our clients\/consultants in their commercial lives with the support of academics and experts, considering the content of the request. services are provided.<\/p>\n<p style=\"text-align: justify;\">Alda\u011f Law&amp;Consultancy responds to all contract requests from companies within a maximum of 7 hours. In case the contract demands are sent on working days and the details of the demands requested in the contract are fully and completely shared, the promised delivery time is realized on time at the rate of 99%.<\/p>\n<p style=\"text-align: justify;\"><em><strong>Uninterrupted Communication Policy<\/strong><\/em><\/p>\n<p style=\"text-align: justify;\">Alda\u011f Law&amp;Consultancy provides services to its clients with an uninterrupted communication policy. With an uninterrupted communication policy; Regardless of the place and time, it is aimed to receive the client&#8217;s requests in the most accurate way and to finalize their requests in the shortest time and in a duly manner. During this process, the client is informed at every stage as a requirement of the uninterrupted service policy. Thus, it is aimed that the clients\/clients who convey their requests to their lawyers are informed at the very beginning of the process in a healthy and accurate manner and obtain the most transparent information about the process.<\/p>\n<p style=\"text-align: justify;\">What Companies Need:<\/p>\n<ul style=\"text-align: justify;\">\n<li>Preparation of necessary legal documentation and contracts within the framework of the Law on the Regulation of Electronic Commerce and the Law on the Protection of the Consumer,<\/li>\n<li>Providing consultancy services during the preparation of many contracts to which companies are party, including lease, service, subcontractor, confidentiality and license agreements,<\/li>\n<li>Providing training\/consulting services within the framework of the Turkish Commercial Code, making amendments to the articles of association in order to reflect the provisions concluded within the framework of compliance with the Turkish Commercial Code or between the existing shareholders,<\/li>\n<li>Realization of all kinds of internal restructuring of the company, including division, merger, type change, abandonment (liquidation), transfer of assets, transfer of business or share transfer,<\/li>\n<li>Preparing and putting into effect all in-house documents, directives or policies, and providing physical training on them,<\/li>\n<\/ul>\n<p style=\"text-align: justify;\">All demands are met with a high-level understanding of quality and most importantly, an uninterrupted communication policy.<\/p>\n<p>[\/vc_column_text]<div class=\"smile_icon_list_wrap ult_info_list_container ult-adjust-bottom-margin  \"><ul class=\"smile_icon_list left square with_bg\"><li class=\"icon_list_item\" style=\" font-size:30px;\"><div class=\"icon_list_icon\" data-animation=\"fadeInRight\" data-animation-delay=\"03\" style=\"font-size:10px;border-width:1px;border-style:solid;background:#ffffff;color:#243154;border-color:#243154;\"><i class=\"dt-icon-the7-arrow-0-41\" ><\/i><\/div><div class=\"icon_description\" id=\"Info-list-wrap-2383\" style=\"font-size:10px;\"><div class=\"icon_description_text ult-responsive\"  data-ultimate-target='#Info-list-wrap-2383 .icon_description_text'  data-responsive-json-new='{\"font-size\":\"desktop:13px;\",\"line-height\":\"desktop:18px;\"}'  style=\"\"><p>Negotiation, preparation, implementation and enforcement of joint venture, consortium and shareholding agreements<\/p>\n<\/div><\/div><div class=\"icon_list_connector\"  style=\"border: none !important;\"><\/div><\/li><li class=\"icon_list_item\" style=\" font-size:30px;\"><div class=\"icon_list_icon\" data-animation=\"fadeInRight\" data-animation-delay=\"03\" style=\"font-size:10px;border-width:1px;border-style:solid;background:#ffffff;color:#243154;border-color:#243154;\"><i class=\"dt-icon-the7-arrow-0-41\" ><\/i><\/div><div class=\"icon_description\" id=\"Info-list-wrap-3128\" style=\"font-size:10px;\"><div class=\"icon_description_text ult-responsive\"  data-ultimate-target='#Info-list-wrap-3128 .icon_description_text'  data-responsive-json-new='{\"font-size\":\"desktop:13px;\",\"line-height\":\"desktop:18px;\"}'  style=\"\"><p>Buying and selling shares and\/or assets of companies<\/p>\n<\/div><\/div><div class=\"icon_list_connector\"  style=\"border: none !important;\"><\/div><\/li><li class=\"icon_list_item\" style=\" font-size:30px;\"><div class=\"icon_list_icon\" data-animation=\"fadeInRight\" data-animation-delay=\"03\" style=\"font-size:10px;border-width:1px;border-style:solid;background:#ffffff;color:#243154;border-color:#243154;\"><i class=\"dt-icon-the7-arrow-0-41\" ><\/i><\/div><div class=\"icon_description\" id=\"Info-list-wrap-9854\" style=\"font-size:10px;\"><div class=\"icon_description_text ult-responsive\"  data-ultimate-target='#Info-list-wrap-9854 .icon_description_text'  data-responsive-json-new='{\"font-size\":\"desktop:13px;\",\"line-height\":\"desktop:18px;\"}'  style=\"\"><p>Representing clients before courts and public institutions in matters related to mergers and acquisitions<\/p>\n<\/div><\/div><div class=\"icon_list_connector\"  style=\"border: none !important;\"><\/div><\/li><li class=\"icon_list_item\" style=\" font-size:30px;\"><div class=\"icon_list_icon\" data-animation=\"fadeInRight\" data-animation-delay=\"03\" style=\"font-size:10px;border-width:1px;border-style:solid;background:#ffffff;color:#243154;border-color:#243154;\"><i class=\"dt-icon-the7-arrow-0-41\" ><\/i><\/div><div class=\"icon_description\" id=\"Info-list-wrap-4516\" style=\"font-size:10px;\"><div class=\"icon_description_text ult-responsive\"  data-ultimate-target='#Info-list-wrap-4516 .icon_description_text'  data-responsive-json-new='{\"font-size\":\"desktop:13px;\",\"line-height\":\"desktop:18px;\"}'  style=\"\"><p>Negotiating, preparing, implementing and enforcing various local and international agreements such as sales, marketing, consignment, shareholding, confidentiality, supply, production, license, distributorship, agency agreements and memorandums of understanding<\/p>\n<\/div><\/div><div class=\"icon_list_connector\"  style=\"border: none !important;\"><\/div><\/li><li class=\"icon_list_item\" style=\" font-size:30px;\"><div class=\"icon_list_icon\" data-animation=\"fadeInRight\" data-animation-delay=\"03\" style=\"font-size:10px;border-width:1px;border-style:solid;background:#ffffff;color:#243154;border-color:#243154;\"><i class=\"dt-icon-the7-arrow-0-41\" ><\/i><\/div><div class=\"icon_description\" id=\"Info-list-wrap-8616\" style=\"font-size:10px;\"><div class=\"icon_description_text ult-responsive\"  data-ultimate-target='#Info-list-wrap-8616 .icon_description_text'  data-responsive-json-new='{\"font-size\":\"desktop:13px;\",\"line-height\":\"desktop:18px;\"}'  style=\"\"><p>Negotiation and preparation of company documents such as company articles of association, including the establishment of new commercial enterprises by Turkish or foreign investors in Turkey or elsewhere<\/p>\n<\/div><\/div><div class=\"icon_list_connector\"  style=\"border: none !important;\"><\/div><\/li><li class=\"icon_list_item\" style=\" font-size:30px;\"><div class=\"icon_list_icon\" data-animation=\"fadeInRight\" data-animation-delay=\"03\" style=\"font-size:10px;border-width:1px;border-style:solid;background:#ffffff;color:#243154;border-color:#243154;\"><i class=\"dt-icon-the7-arrow-0-41\" ><\/i><\/div><div class=\"icon_description\" id=\"Info-list-wrap-7437\" style=\"font-size:10px;\"><div class=\"icon_description_text ult-responsive\"  data-ultimate-target='#Info-list-wrap-7437 .icon_description_text'  data-responsive-json-new='{\"font-size\":\"desktop:13px;\",\"line-height\":\"desktop:18px;\"}'  style=\"\"><p>Assisting board members and executives with corporate governance and control issues, including the responsibility of representatives and compliance<\/p>\n<\/div><\/div><div class=\"icon_list_connector\"  style=\"border: none !important;\"><\/div><\/li><li class=\"icon_list_item\" style=\" font-size:30px;\"><div class=\"icon_list_icon\" data-animation=\"fadeInRight\" data-animation-delay=\"03\" style=\"font-size:10px;border-width:1px;border-style:solid;background:#ffffff;color:#243154;border-color:#243154;\"><i class=\"dt-icon-the7-arrow-0-41\" ><\/i><\/div><div class=\"icon_description\" id=\"Info-list-wrap-5279\" style=\"font-size:10px;\"><div class=\"icon_description_text ult-responsive\"  data-ultimate-target='#Info-list-wrap-5279 .icon_description_text'  data-responsive-json-new='{\"font-size\":\"desktop:13px;\",\"line-height\":\"desktop:18px;\"}'  style=\"\"><p>Conducting negotiations on the resolution of disputes<\/p>\n<\/div><\/div><div class=\"icon_list_connector\"  style=\"border: none !important;\"><\/div><\/li><li class=\"icon_list_item\" style=\" font-size:30px;\"><div class=\"icon_list_icon\" data-animation=\"fadeInRight\" data-animation-delay=\"03\" style=\"font-size:10px;border-width:1px;border-style:solid;background:#ffffff;color:#243154;border-color:#243154;\"><i class=\"dt-icon-the7-arrow-0-41\" ><\/i><\/div><div class=\"icon_description\" id=\"Info-list-wrap-1958\" style=\"font-size:10px;\"><div class=\"icon_description_text ult-responsive\"  data-ultimate-target='#Info-list-wrap-1958 .icon_description_text'  data-responsive-json-new='{\"font-size\":\"desktop:13px;\",\"line-height\":\"desktop:18px;\"}'  style=\"\"><p>Providing consultancy services regarding strategic business plans<\/p>\n<\/div><\/div><div class=\"icon_list_connector\"  style=\"border: none !important;\"><\/div><\/li><\/ul><\/div>[\/vc_column][vc_column css_animation=&#8221;none&#8221; width=&#8221;1\/3&#8243;]<div class=\"dt-fancy-separator title-left h3-size style-disabled\" style=\"width: 100%;\"><div class=\"dt-fancy-title\" style=\"color: #243154;\"><span class=\"separator-holder separator-left\" style=\"border-color: #243154;\"><\/span>SERVICES<span class=\"separator-holder separator-right\" style=\"border-color: #243154;\"><\/span><\/div><\/div>[vc_separator color=&#8221;custom&#8221; align=&#8221;align_left&#8221; accent_color=&#8221;#243154&#8243;]<div class=\"ult-spacer spacer-69e75549cb7ec\" data-id=\"69e75549cb7ec\" data-height=\"10\" data-height-mobile=\"10\" data-height-tab=\"10\" data-height-tab-portrait=\"\" data-height-mobile-landscape=\"\" style=\"clear:both;display:block;\"><\/div>[vc_widget_sidebar sidebar_id=&#8221;smartslider_area_1&#8243;][\/vc_column][\/vc_row][vc_row][vc_column]<div class=\"ult-spacer spacer-69e75549cb7fd\" data-id=\"69e75549cb7fd\" data-height=\"50\" data-height-mobile=\"50\" data-height-tab=\"50\" data-height-tab-portrait=\"\" data-height-mobile-landscape=\"\" style=\"clear:both;display:block;\"><\/div>[\/vc_column][\/vc_row][vc_row full_width=&#8221;stretch_row&#8221; bg_type=&#8221;image&#8221; parallax_style=&#8221;vcpb-vz-jquery&#8221; bg_image_new=&#8221;id^4069|url^https:\/\/aldaghukuk.com\/en\/wp-content\/uploads\/2021\/10\/ebulten-arkaplan.jpg|caption^null|alt^null|title^ebulten-arkaplan|description^null&#8221; bg_image_repeat=&#8221;no-repeat&#8221; bg_img_attach=&#8221;fixed&#8221; disable_on_mobile_img_parallax=&#8221;disable_on_mobile_img_parallax_value&#8221;][vc_column]<div class=\"ult-spacer spacer-69e75549cb80a\" data-id=\"69e75549cb80a\" data-height=\"60\" data-height-mobile=\"60\" data-height-tab=\"60\" data-height-tab-portrait=\"\" data-height-mobile-landscape=\"\" style=\"clear:both;display:block;\"><\/div><div class=\"dt-fancy-separator h3-size style-disabled\" style=\"width: 100%;\"><div class=\"dt-fancy-title\" style=\"color: #ffffff;\"><span class=\"separator-holder separator-left\"><\/span>Be informed about legal developments.<span class=\"separator-holder separator-right\"><\/span><\/div><\/div><div class=\"ult-spacer spacer-69e75549cb830\" data-id=\"69e75549cb830\" data-height=\"30\" data-height-mobile=\"30\" data-height-tab=\"30\" data-height-tab-portrait=\"\" data-height-mobile-landscape=\"\" style=\"clear:both;display:block;\"><\/div>[vc_row_inner][vc_column_inner width=&#8221;1\/3&#8243;][\/vc_column_inner][vc_column_inner width=&#8221;1\/3&#8243;][vc_widget_sidebar show_bg=&#8221;false&#8221; sidebar_id=&#8221;sidebar_3&#8243;][\/vc_column_inner][vc_column_inner width=&#8221;1\/3&#8243;][\/vc_column_inner][\/vc_row_inner]<div class=\"ult-spacer spacer-69e75549cb83c\" data-id=\"69e75549cb83c\" data-height=\"60\" data-height-mobile=\"60\" data-height-tab=\"60\" data-height-tab-portrait=\"\" data-height-mobile-landscape=\"\" style=\"clear:both;display:block;\"><\/div>[\/vc_column][\/vc_row]<\/p>\n","protected":false},"excerpt":{"rendered":"<p>[vc_row css_animation=&#8221;none&#8221; bg_type=&#8221;bg_color&#8221; bg_color_value=&#8221;#ffffff&#8221; css=&#8221;.vc_custom_1635880019382{padding-top: 20px !important;padding-right: 20px !important;padding-bottom: 20px !important;padding-left: 20px !important;}&#8221;][vc_column css_animation=&#8221;none&#8221; width=&#8221;2\/3&#8243;][vc_single_image image=&#8221;4041&#8243; img_size=&#8221;full&#8221;][vc_column_text] Corporate, Commercial and Contracts Law Consultancy covers the largest area of services within Alda\u011f Hukuk &amp; Dan\u0131\u015fmanl\u0131k. The services we offer include the establishment of joint stock companies, limited liability companies, branches and liaison offices in Turkey, conducting&hellip;<\/p>\n","protected":false},"author":1,"featured_media":0,"parent":0,"menu_order":0,"comment_status":"closed","ping_status":"closed","template":"","meta":[],"class_list":["post-3965","page","type-page","status-publish","hentry","description-off"],"_links":{"self":[{"href":"https:\/\/aldaghukuk.com\/en\/wp-json\/wp\/v2\/pages\/3965","targetHints":{"allow":["GET"]}}],"collection":[{"href":"https:\/\/aldaghukuk.com\/en\/wp-json\/wp\/v2\/pages"}],"about":[{"href":"https:\/\/aldaghukuk.com\/en\/wp-json\/wp\/v2\/types\/page"}],"author":[{"embeddable":true,"href":"https:\/\/aldaghukuk.com\/en\/wp-json\/wp\/v2\/users\/1"}],"replies":[{"embeddable":true,"href":"https:\/\/aldaghukuk.com\/en\/wp-json\/wp\/v2\/comments?post=3965"}],"version-history":[{"count":8,"href":"https:\/\/aldaghukuk.com\/en\/wp-json\/wp\/v2\/pages\/3965\/revisions"}],"predecessor-version":[{"id":4938,"href":"https:\/\/aldaghukuk.com\/en\/wp-json\/wp\/v2\/pages\/3965\/revisions\/4938"}],"wp:attachment":[{"href":"https:\/\/aldaghukuk.com\/en\/wp-json\/wp\/v2\/media?parent=3965"}],"curies":[{"name":"wp","href":"https:\/\/api.w.org\/{rel}","templated":true}]}}