{"id":4095,"date":"2021-10-13T23:38:48","date_gmt":"2021-10-13T20:38:48","guid":{"rendered":"https:\/\/www.aldaghukuk.com\/?page_id=4095"},"modified":"2022-01-24T12:07:06","modified_gmt":"2022-01-24T09:07:06","slug":"in-company-legal-trainings","status":"publish","type":"page","link":"https:\/\/aldaghukuk.com\/en\/in-company-legal-trainings\/","title":{"rendered":"IN-COMPANY LEGAL TRAININGS"},"content":{"rendered":"<p>[vc_row css_animation=&#8221;none&#8221; bg_type=&#8221;bg_color&#8221; bg_color_value=&#8221;#ffffff&#8221; css=&#8221;.vc_custom_1635880043469{padding-top: 20px !important;padding-right: 20px !important;padding-bottom: 20px !important;padding-left: 20px !important;}&#8221;][vc_column css_animation=&#8221;none&#8221; width=&#8221;2\/3&#8243;][vc_single_image image=&#8221;4415&#8243; img_size=&#8221;full&#8221;]<div class=\"ult-spacer spacer-69e7682615788\" data-id=\"69e7682615788\" data-height=\"50\" data-height-mobile=\"50\" data-height-tab=\"50\" data-height-tab-portrait=\"\" data-height-mobile-landscape=\"\" style=\"clear:both;display:block;\"><\/div>[vc_column_text]<\/p>\n<p style=\"text-align: justify;\">Alda\u011f Hukuk&amp;Dan\u0131\u015fmanl\u0131k, m\u00fcvekkillerine ya da dan\u0131\u015fan \u015firketler b\u00fcnyesinde ihtiya\u00e7 olmas\u0131 halinde hukuki e\u011fitimler vermektedir. Bu e\u011fitim kapsam\u0131nda ba\u015fta Gizlilik ve G\u00fcvenlik bilgilendirmeleri oldu\u011fu gibi, T\u00fcrkiye&#8217;de ve uluslararas\u0131 alanda ortaya \u00e7\u0131kan hukuki geli\u015fmeler, hukuki uyu\u015fmazl\u0131k \u00f6rnekleri, \u015firket y\u00f6neticilerine ve \u00e7al\u0131\u015fanlar\u0131na, alabilecekleri hukuki \u00f6nlemler ve dahas\u0131na ili\u015fkin e\u011fitim ve bilgilendirmeler, h\u0131zl\u0131 bir \u015fekilde verilmektedir. Alda\u011f Hukuk&amp;Dan\u0131\u015fmanl\u0131k, &#8216;Kesintisiz \u0130leti\u015fim Politikas\u0131&#8217; ile m\u00fcvekkillerin ya da dan\u0131\u015fanlar\u0131n e\u011fitim ve bilgilendirme taleplerini 1 hafta i\u00e7erisinde kar\u015f\u0131lamaktad\u0131r. Alda\u011f Hukuk&amp;Dan\u0131\u015fmanl\u0131k&#8217;tan talep edilen e\u011fitim ve bilgilendirme s\u00fcre\u00e7leri i\u00e7in yap\u0131lan \u00f6n \u00e7al\u0131\u015fma sonucunda, gerekli e\u011fitimler\/seminerler ger\u00e7ekle\u015ftirilmekte, bilgilendirme toplant\u0131lar\u0131 d\u00fczenlenmektedir.<\/p>\n<p style=\"text-align: justify;\"><strong><em><u>Kesintisiz \u0130leti\u015fim Politikas\u0131<\/u><\/em><\/strong><\/p>\n<p style=\"text-align: justify;\">Alda\u011f Hukuk&amp;Dan\u0131\u015fmanl\u0131k, m\u00fcvekkillerine\/dan\u0131\u015fanlar\u0131na kesintisiz ileti\u015fim politikas\u0131yla hizmet vermektedir. Kesintisiz ileti\u015fim politikas\u0131 ile; yer, zaman, mekan farketmeksizin m\u00fcvekkilin taleplerinin en do\u011fru \u015fekilde al\u0131nmas\u0131 ve bu s\u00fcre\u00e7te taleplerinin \u00a0en k\u0131sa zamanda, usul\u00fcne uygun \u015fekilde sonu\u00e7land\u0131r\u0131lmas\u0131 hedeflenmektedir. M\u00fcvekkil bu s\u00fcre\u00e7 boyunca kesintisiz hizmet politikas\u0131n\u0131n gere\u011fi olarak her a\u015famada bilgi sahibi olmaktad\u0131r. B\u00f6ylece Avukat\u0131na taleplerini ileten m\u00fcvekkillerin\/dan\u0131\u015fanlar\u0131n, s\u00fcrecin daha en ba\u015f\u0131nda sa\u011fl\u0131kl\u0131 ve do\u011fru bilgilendirilmesi ile s\u00fcre\u00e7 hakk\u0131nda en \u015feffaf bilgiyi edinmesi ama\u00e7lan\u0131r.<\/p>\n<p>[\/vc_column_text]<div class=\"smile_icon_list_wrap ult_info_list_container ult-adjust-bottom-margin  \"><ul class=\"smile_icon_list left square with_bg\"><li class=\"icon_list_item\" style=\" font-size:30px;\"><div class=\"icon_list_icon\" data-animation=\"fadeInRight\" data-animation-delay=\"03\" style=\"font-size:10px;border-width:1px;border-style:solid;background:#ffffff;color:#243154;border-color:#243154;\"><i class=\"dt-icon-the7-arrow-0-41\" ><\/i><\/div><div class=\"icon_description\" id=\"Info-list-wrap-5950\" style=\"font-size:10px;\"><div class=\"icon_description_text ult-responsive\"  data-ultimate-target='#Info-list-wrap-5950 .icon_description_text'  data-responsive-json-new='{\"font-size\":\"desktop:13px;\",\"line-height\":\"desktop:18px;\"}'  style=\"\"><p>Limited ve Anonim \u015firletlerin y\u00f6netim kadrosu, insan kaynaklar\u0131 ve muhasebe birimlerine hukuki dan\u0131\u015fmanl\u0131k, hukuk d\u0131\u015f\u0131 i\u015flemlerin hukuki dayanaklara ba\u011flanmas\u0131 konusunda dan\u0131\u015fmanl\u0131k hizmetleri<\/p>\n<\/div><\/div><div class=\"icon_list_connector\"  style=\"border: none !important;\"><\/div><\/li><\/ul><\/div>[\/vc_column][vc_column css_animation=&#8221;none&#8221; width=&#8221;1\/3&#8243;]<div class=\"dt-fancy-separator title-left h3-size style-disabled\" style=\"width: 100%;\"><div class=\"dt-fancy-title\" style=\"color: #243154;\"><span class=\"separator-holder separator-left\" style=\"border-color: #243154;\"><\/span>SERVICES<span class=\"separator-holder separator-right\" style=\"border-color: #243154;\"><\/span><\/div><\/div>[vc_separator color=&#8221;custom&#8221; align=&#8221;align_left&#8221; accent_color=&#8221;#243154&#8243;]<div class=\"ult-spacer spacer-69e768261624c\" data-id=\"69e768261624c\" data-height=\"10\" data-height-mobile=\"10\" data-height-tab=\"10\" data-height-tab-portrait=\"\" data-height-mobile-landscape=\"\" style=\"clear:both;display:block;\"><\/div>[vc_widget_sidebar sidebar_id=&#8221;smartslider_area_1&#8243;][\/vc_column][\/vc_row][vc_row][vc_column]<div class=\"ult-spacer spacer-69e7682616263\" data-id=\"69e7682616263\" data-height=\"50\" data-height-mobile=\"50\" data-height-tab=\"50\" data-height-tab-portrait=\"\" data-height-mobile-landscape=\"\" style=\"clear:both;display:block;\"><\/div>[\/vc_column][\/vc_row][vc_row full_width=&#8221;stretch_row&#8221; bg_type=&#8221;image&#8221; parallax_style=&#8221;vcpb-vz-jquery&#8221; bg_image_new=&#8221;id^4069|url^https:\/\/aldaghukuk.com\/en\/wp-content\/uploads\/2021\/10\/ebulten-arkaplan.jpg|caption^null|alt^null|title^ebulten-arkaplan|description^null&#8221; bg_image_repeat=&#8221;no-repeat&#8221; bg_img_attach=&#8221;fixed&#8221; disable_on_mobile_img_parallax=&#8221;disable_on_mobile_img_parallax_value&#8221;][vc_column]<div class=\"ult-spacer spacer-69e7682616272\" data-id=\"69e7682616272\" data-height=\"60\" data-height-mobile=\"60\" data-height-tab=\"60\" data-height-tab-portrait=\"\" data-height-mobile-landscape=\"\" style=\"clear:both;display:block;\"><\/div><div class=\"dt-fancy-separator h3-size style-disabled\" style=\"width: 100%;\"><div class=\"dt-fancy-title\" style=\"color: #ffffff;\"><span class=\"separator-holder separator-left\"><\/span>Be informed about legal developments.<span class=\"separator-holder separator-right\"><\/span><\/div><\/div><div class=\"ult-spacer spacer-69e768261629d\" data-id=\"69e768261629d\" data-height=\"30\" data-height-mobile=\"30\" data-height-tab=\"30\" data-height-tab-portrait=\"\" data-height-mobile-landscape=\"\" style=\"clear:both;display:block;\"><\/div>[vc_row_inner][vc_column_inner width=&#8221;1\/3&#8243;][\/vc_column_inner][vc_column_inner width=&#8221;1\/3&#8243;][vc_widget_sidebar show_bg=&#8221;false&#8221; sidebar_id=&#8221;sidebar_3&#8243;][\/vc_column_inner][vc_column_inner width=&#8221;1\/3&#8243;][\/vc_column_inner][\/vc_row_inner]<div class=\"ult-spacer spacer-69e76826162ab\" data-id=\"69e76826162ab\" data-height=\"60\" data-height-mobile=\"60\" data-height-tab=\"60\" data-height-tab-portrait=\"\" data-height-mobile-landscape=\"\" style=\"clear:both;display:block;\"><\/div>[\/vc_column][\/vc_row]<\/p>\n","protected":false},"excerpt":{"rendered":"<p>[vc_row css_animation=&#8221;none&#8221; bg_type=&#8221;bg_color&#8221; bg_color_value=&#8221;#ffffff&#8221; css=&#8221;.vc_custom_1635880043469{padding-top: 20px !important;padding-right: 20px !important;padding-bottom: 20px !important;padding-left: 20px !important;}&#8221;][vc_column css_animation=&#8221;none&#8221; width=&#8221;2\/3&#8243;][vc_single_image image=&#8221;4415&#8243; img_size=&#8221;full&#8221;][vc_column_text] Alda\u011f Hukuk&amp;Dan\u0131\u015fmanl\u0131k, m\u00fcvekkillerine ya da dan\u0131\u015fan \u015firketler b\u00fcnyesinde ihtiya\u00e7 olmas\u0131 halinde hukuki e\u011fitimler vermektedir. Bu e\u011fitim kapsam\u0131nda ba\u015fta Gizlilik ve G\u00fcvenlik bilgilendirmeleri oldu\u011fu gibi, T\u00fcrkiye&#8217;de ve uluslararas\u0131 alanda ortaya \u00e7\u0131kan hukuki geli\u015fmeler, hukuki uyu\u015fmazl\u0131k \u00f6rnekleri, \u015firket y\u00f6neticilerine ve&hellip;<\/p>\n","protected":false},"author":1,"featured_media":0,"parent":0,"menu_order":0,"comment_status":"closed","ping_status":"closed","template":"","meta":[],"class_list":["post-4095","page","type-page","status-publish","hentry","description-off"],"_links":{"self":[{"href":"https:\/\/aldaghukuk.com\/en\/wp-json\/wp\/v2\/pages\/4095","targetHints":{"allow":["GET"]}}],"collection":[{"href":"https:\/\/aldaghukuk.com\/en\/wp-json\/wp\/v2\/pages"}],"about":[{"href":"https:\/\/aldaghukuk.com\/en\/wp-json\/wp\/v2\/types\/page"}],"author":[{"embeddable":true,"href":"https:\/\/aldaghukuk.com\/en\/wp-json\/wp\/v2\/users\/1"}],"replies":[{"embeddable":true,"href":"https:\/\/aldaghukuk.com\/en\/wp-json\/wp\/v2\/comments?post=4095"}],"version-history":[{"count":7,"href":"https:\/\/aldaghukuk.com\/en\/wp-json\/wp\/v2\/pages\/4095\/revisions"}],"predecessor-version":[{"id":4965,"href":"https:\/\/aldaghukuk.com\/en\/wp-json\/wp\/v2\/pages\/4095\/revisions\/4965"}],"wp:attachment":[{"href":"https:\/\/aldaghukuk.com\/en\/wp-json\/wp\/v2\/media?parent=4095"}],"curies":[{"name":"wp","href":"https:\/\/api.w.org\/{rel}","templated":true}]}}