{"id":4100,"date":"2021-10-13T23:56:07","date_gmt":"2021-10-13T20:56:07","guid":{"rendered":"https:\/\/www.aldaghukuk.com\/?page_id=4100"},"modified":"2022-01-24T12:02:40","modified_gmt":"2022-01-24T09:02:40","slug":"corporate-governance-services-in-terms-of-labor-law-and-hr","status":"publish","type":"page","link":"https:\/\/aldaghukuk.com\/en\/corporate-governance-services-in-terms-of-labor-law-and-hr\/","title":{"rendered":"CORPORATE GOVERNANCE SERVICES IN TERMS OF LABOR LAW AND HR"},"content":{"rendered":"<p>[vc_row css_animation=&#8221;none&#8221; bg_type=&#8221;bg_color&#8221; bg_color_value=&#8221;#ffffff&#8221; css=&#8221;.vc_custom_1635880053093{padding-top: 20px !important;padding-right: 20px !important;padding-bottom: 20px !important;padding-left: 20px !important;}&#8221;][vc_column css_animation=&#8221;none&#8221; width=&#8221;2\/3&#8243;][vc_single_image image=&#8221;4417&#8243; img_size=&#8221;full&#8221;]<div class=\"ult-spacer spacer-69e767d9b7156\" data-id=\"69e767d9b7156\" data-height=\"50\" data-height-mobile=\"50\" data-height-tab=\"50\" data-height-tab-portrait=\"\" data-height-mobile-landscape=\"\" style=\"clear:both;display:block;\"><\/div>[vc_column_text]<\/p>\n<p style=\"text-align: justify;\">Alda\u011f Law&amp;Consultancy provides consultancy services to its client companies that do not have a &#8216;Human Resources&#8217; unit on Labor Law practices, personnel and personnel affairs, which are obligatory under the Labor Law in order to avoid problems in legal processes. With this consultancy service, it is aimed not only to ensure that personal affairs are in compliance with the law and the law, but also to keep the documents of the clients fully and completely in accordance with the law in legal disputes such as labor lawsuits.<\/p>\n<p style=\"text-align: justify;\"><em><strong>Uninterrupted Communication Policy<\/strong><\/em><\/p>\n<p style=\"text-align: justify;\">Alda\u011f Law&amp;Consultancy provides services to its clients with an uninterrupted communication policy. With an uninterrupted communication policy; Regardless of the place and time, it is aimed to receive the client&#8217;s requests in the most accurate way and to finalize their requests in the shortest time and in a duly manner. During this process, the client is informed at every stage as a requirement of the uninterrupted service policy. Thus, it is aimed that the clients\/clients who convey their requests to their lawyers are informed at the very beginning of the process in a healthy and accurate manner and obtain the most transparent information about the process.<\/p>\n<p>[\/vc_column_text]<div class=\"smile_icon_list_wrap ult_info_list_container ult-adjust-bottom-margin  \"><ul class=\"smile_icon_list left square with_bg\"><li class=\"icon_list_item\" style=\" font-size:30px;\"><div class=\"icon_list_icon\" data-animation=\"fadeInRight\" data-animation-delay=\"03\" style=\"font-size:10px;border-width:1px;border-style:solid;background:#ffffff;color:#243154;border-color:#243154;\"><i class=\"dt-icon-the7-arrow-0-41\" ><\/i><\/div><div class=\"icon_description\" id=\"Info-list-wrap-2926\" style=\"font-size:10px;\"><div class=\"icon_description_text ult-responsive\"  data-ultimate-target='#Info-list-wrap-2926 .icon_description_text'  data-responsive-json-new='{\"font-size\":\"desktop:13px;\",\"line-height\":\"desktop:18px;\"}'  style=\"\"><p>M\u00fcvekkillerin insan kaynaklar\u0131 departmanlar\u0131nda \u00f6zl\u00fck dosyalar\u0131n\u0131n hukuka uygun olarak tutulmas\u0131, y\u00f6netim kurulu kararlar\u0131na ili\u015fkin avukatl\u0131k hizmetleri<\/p>\n<\/div><\/div><div class=\"icon_list_connector\"  style=\"border: none !important;\"><\/div><\/li><\/ul><\/div>[\/vc_column][vc_column css_animation=&#8221;none&#8221; width=&#8221;1\/3&#8243;]<div class=\"dt-fancy-separator title-left h3-size style-disabled\" style=\"width: 100%;\"><div class=\"dt-fancy-title\" style=\"color: #243154;\"><span class=\"separator-holder separator-left\"><\/span>SERVICES<span class=\"separator-holder separator-right\"><\/span><\/div><\/div>[vc_separator color=&#8221;custom&#8221; align=&#8221;align_left&#8221; accent_color=&#8221;#243154&#8243;]<div class=\"ult-spacer spacer-69e767d9b735d\" data-id=\"69e767d9b735d\" data-height=\"10\" data-height-mobile=\"10\" data-height-tab=\"10\" data-height-tab-portrait=\"\" data-height-mobile-landscape=\"\" style=\"clear:both;display:block;\"><\/div>[vc_widget_sidebar sidebar_id=&#8221;smartslider_area_1&#8243;][\/vc_column][\/vc_row][vc_row][vc_column]<div class=\"ult-spacer spacer-69e767d9b736f\" data-id=\"69e767d9b736f\" data-height=\"50\" data-height-mobile=\"50\" data-height-tab=\"50\" data-height-tab-portrait=\"\" data-height-mobile-landscape=\"\" style=\"clear:both;display:block;\"><\/div>[\/vc_column][\/vc_row][vc_row full_width=&#8221;stretch_row&#8221; bg_type=&#8221;image&#8221; parallax_style=&#8221;vcpb-vz-jquery&#8221; bg_image_new=&#8221;id^4069|url^https:\/\/aldaghukuk.com\/en\/wp-content\/uploads\/2021\/10\/ebulten-arkaplan.jpg|caption^null|alt^null|title^ebulten-arkaplan|description^null&#8221; bg_image_repeat=&#8221;no-repeat&#8221; bg_img_attach=&#8221;fixed&#8221; disable_on_mobile_img_parallax=&#8221;disable_on_mobile_img_parallax_value&#8221;][vc_column]<div class=\"ult-spacer spacer-69e767d9b737c\" data-id=\"69e767d9b737c\" data-height=\"60\" data-height-mobile=\"60\" data-height-tab=\"60\" data-height-tab-portrait=\"\" data-height-mobile-landscape=\"\" style=\"clear:both;display:block;\"><\/div><div class=\"dt-fancy-separator h3-size style-disabled\" style=\"width: 100%;\"><div class=\"dt-fancy-title\" style=\"color: #ffffff;\"><span class=\"separator-holder separator-left\"><\/span>Be informed about legal developments.<span class=\"separator-holder separator-right\"><\/span><\/div><\/div><div class=\"ult-spacer spacer-69e767d9b73a3\" data-id=\"69e767d9b73a3\" data-height=\"30\" data-height-mobile=\"30\" data-height-tab=\"30\" data-height-tab-portrait=\"\" data-height-mobile-landscape=\"\" style=\"clear:both;display:block;\"><\/div>[vc_row_inner][vc_column_inner width=&#8221;1\/3&#8243;][\/vc_column_inner][vc_column_inner width=&#8221;1\/3&#8243;][vc_widget_sidebar show_bg=&#8221;false&#8221; sidebar_id=&#8221;sidebar_3&#8243;][\/vc_column_inner][vc_column_inner width=&#8221;1\/3&#8243;][\/vc_column_inner][\/vc_row_inner]<div class=\"ult-spacer spacer-69e767d9b73b0\" data-id=\"69e767d9b73b0\" data-height=\"60\" data-height-mobile=\"60\" data-height-tab=\"60\" data-height-tab-portrait=\"\" data-height-mobile-landscape=\"\" style=\"clear:both;display:block;\"><\/div>[\/vc_column][\/vc_row]<\/p>\n","protected":false},"excerpt":{"rendered":"<p>[vc_row css_animation=&#8221;none&#8221; bg_type=&#8221;bg_color&#8221; bg_color_value=&#8221;#ffffff&#8221; css=&#8221;.vc_custom_1635880053093{padding-top: 20px !important;padding-right: 20px !important;padding-bottom: 20px !important;padding-left: 20px !important;}&#8221;][vc_column css_animation=&#8221;none&#8221; width=&#8221;2\/3&#8243;][vc_single_image image=&#8221;4417&#8243; img_size=&#8221;full&#8221;][vc_column_text] Alda\u011f Law&amp;Consultancy provides consultancy services to its client companies that do not have a &#8216;Human Resources&#8217; unit on Labor Law practices, personnel and personnel affairs, which are obligatory under the Labor Law in order to avoid problems in&hellip;<\/p>\n","protected":false},"author":1,"featured_media":0,"parent":0,"menu_order":0,"comment_status":"closed","ping_status":"closed","template":"","meta":[],"class_list":["post-4100","page","type-page","status-publish","hentry","description-off"],"_links":{"self":[{"href":"https:\/\/aldaghukuk.com\/en\/wp-json\/wp\/v2\/pages\/4100","targetHints":{"allow":["GET"]}}],"collection":[{"href":"https:\/\/aldaghukuk.com\/en\/wp-json\/wp\/v2\/pages"}],"about":[{"href":"https:\/\/aldaghukuk.com\/en\/wp-json\/wp\/v2\/types\/page"}],"author":[{"embeddable":true,"href":"https:\/\/aldaghukuk.com\/en\/wp-json\/wp\/v2\/users\/1"}],"replies":[{"embeddable":true,"href":"https:\/\/aldaghukuk.com\/en\/wp-json\/wp\/v2\/comments?post=4100"}],"version-history":[{"count":6,"href":"https:\/\/aldaghukuk.com\/en\/wp-json\/wp\/v2\/pages\/4100\/revisions"}],"predecessor-version":[{"id":4939,"href":"https:\/\/aldaghukuk.com\/en\/wp-json\/wp\/v2\/pages\/4100\/revisions\/4939"}],"wp:attachment":[{"href":"https:\/\/aldaghukuk.com\/en\/wp-json\/wp\/v2\/media?parent=4100"}],"curies":[{"name":"wp","href":"https:\/\/api.w.org\/{rel}","templated":true}]}}