{"id":4103,"date":"2021-10-14T00:01:19","date_gmt":"2021-10-13T21:01:19","guid":{"rendered":"https:\/\/www.aldaghukuk.com\/?page_id=4103"},"modified":"2022-01-24T12:10:09","modified_gmt":"2022-01-24T09:10:09","slug":"labor-and-social-security-law","status":"publish","type":"page","link":"https:\/\/aldaghukuk.com\/en\/labor-and-social-security-law\/","title":{"rendered":"LABOR AND SOCIAL SECURITY LAW"},"content":{"rendered":"<p>[vc_row css_animation=&#8221;none&#8221; bg_type=&#8221;bg_color&#8221; bg_color_value=&#8221;#ffffff&#8221; css=&#8221;.vc_custom_1635880063745{padding-top: 20px !important;padding-right: 20px !important;padding-bottom: 20px !important;padding-left: 20px !important;}&#8221;][vc_column css_animation=&#8221;none&#8221; width=&#8221;2\/3&#8243;][vc_single_image image=&#8221;4419&#8243; img_size=&#8221;full&#8221;]<div class=\"ult-spacer spacer-69e7694e52205\" data-id=\"69e7694e52205\" data-height=\"50\" data-height-mobile=\"50\" data-height-tab=\"50\" data-height-tab-portrait=\"\" data-height-mobile-landscape=\"\" style=\"clear:both;display:block;\"><\/div>[vc_column_text]<\/p>\n<div class=\"dePhmb\">\n<div class=\"eyKpYb\" data-language=\"en\" data-original-language=\"tr\" data-result-index=\"0\">\n<div class=\"J0lOec\" style=\"text-align: justify;\">\n<p>Alda\u011f Law&amp;Consultancy, our labor law team, which consists of lawyers specialized in individual and collective labor law, occupational health and safety law, and social security law, provides legal consultancy services to our clients on all kinds of labor law issues. In this context, Alda\u011f Law&amp;Consultancy protects the rights of the employer, which is considered within the scope of labor law, in a way that does not cause confusion, and defends its clients by wearing a workers&#8217; shirt where and when a worker&#8217;s shirt should be worn, and an employer&#8217;s shirt when and where it is necessary to wear an employer&#8217;s shirt. Alda\u011f Law&amp;Consultancy provides practical and realistic legal advice to our clients with full knowledge of all laws and complex secondary legislation, and offers consultancy services specifically to each client regarding disputes, individual and collective labor agreements, within the scope of the\u00a0<em>&#8216;Uninterrupted Communication Policy&#8217;.<\/em><\/p>\n<\/div>\n<\/div>\n<\/div>\n<p style=\"text-align: justify;\"><em><strong>Uninterrupted Communication Policy<\/strong><\/em><\/p>\n<p style=\"text-align: justify;\">Alda\u011f Law&amp;Consultancy provides services to its clients with an uninterrupted communication policy. With an uninterrupted communication policy; Regardless of the place and time, it is aimed to receive the client\u2019s requests in the most accurate way and to finalize their requests in the shortest time and in a duly manner. During this process, the client is informed at every stage as a requirement of the uninterrupted service policy. Thus, it is aimed that the clients\/clients who convey their requests to their lawyers are informed at the very beginning of the process in a healthy and accurate manner and obtain the most transparent information about the process.<\/p>\n<p><strong>Advocacy\/Consultancy services in the field of Labor Law,<\/strong><\/p>\n<ul>\n<li>Review and amendment of company workplace regulations\/policies,<\/li>\n<li>Review and amendment of contracts,<\/li>\n<li>Supervision of the personnel in accordance with the Law on the Protection of Personal Data,<\/li>\n<li>Providing consultancy services on collective bargaining agreements and relations with unions,<\/li>\n<li>Termination contracts, risk assessments for termination of employment contract,<\/li>\n<li>Dispute resolution, including litigation and mediation,<\/li>\n<li>Benefits and compensations provided to employees,<\/li>\n<li>Issues related to the prevention of discrimination,<\/li>\n<li>Issues related to occupational health and safety law.<\/li>\n<\/ul>\n<p>[\/vc_column_text]<div class=\"smile_icon_list_wrap ult_info_list_container ult-adjust-bottom-margin  \"><ul class=\"smile_icon_list left square with_bg\"><li class=\"icon_list_item\" style=\" font-size:30px;\"><div class=\"icon_list_icon\" data-animation=\"fadeInRight\" data-animation-delay=\"03\" style=\"font-size:10px;border-width:1px;border-style:solid;background:#ffffff;color:#243154;border-color:#243154;\"><i class=\"dt-icon-the7-arrow-0-41\" ><\/i><\/div><div class=\"icon_description\" id=\"Info-list-wrap-3931\" style=\"font-size:10px;\"><div class=\"icon_description_text ult-responsive\"  data-ultimate-target='#Info-list-wrap-3931 .icon_description_text'  data-responsive-json-new='{\"font-size\":\"desktop:13px;\",\"line-height\":\"desktop:18px;\"}'  style=\"\"><p>\u0130\u015f s\u00f6zle\u015fmelerinin i\u015fyerindeki \u00e7al\u0131\u015fma modellerine uygun olarak haz\u0131rlanmas\u0131 ve Yarg\u0131tay i\u00e7tihatlar\u0131na g\u00f6re i\u015fyeri ve i\u015f ya\u015fam\u0131n\u0131n geli\u015fen ko\u015fullara uyarlanmas\u0131<\/p>\n<\/div><\/div><div class=\"icon_list_connector\"  style=\"border: none !important;\"><\/div><\/li><li class=\"icon_list_item\" style=\" font-size:30px;\"><div class=\"icon_list_icon\" data-animation=\"fadeInRight\" data-animation-delay=\"03\" style=\"font-size:10px;border-width:1px;border-style:solid;background:#ffffff;color:#243154;border-color:#243154;\"><i class=\"dt-icon-the7-arrow-0-41\" ><\/i><\/div><div class=\"icon_description\" id=\"Info-list-wrap-5068\" style=\"font-size:10px;\"><div class=\"icon_description_text ult-responsive\"  data-ultimate-target='#Info-list-wrap-5068 .icon_description_text'  data-responsive-json-new='{\"font-size\":\"desktop:13px;\",\"line-height\":\"desktop:18px;\"}'  style=\"\"><p>\u0130\u015fyeri \u00e7al\u0131\u015fma y\u00f6ntemlerine y\u00f6nelik prosed\u00fcr\/y\u00f6netmeliklerin haz\u0131rlanmas\u0131 ve g\u00fcn\u00fcn geli\u015fen ko\u015fullar\u0131na g\u00f6re revize edilmesi<\/p>\n<\/div><\/div><div class=\"icon_list_connector\"  style=\"border: none !important;\"><\/div><\/li><li class=\"icon_list_item\" style=\" font-size:30px;\"><div class=\"icon_list_icon\" data-animation=\"fadeInRight\" data-animation-delay=\"03\" style=\"font-size:10px;border-width:1px;border-style:solid;background:#ffffff;color:#243154;border-color:#243154;\"><i class=\"dt-icon-the7-arrow-0-41\" ><\/i><\/div><div class=\"icon_description\" id=\"Info-list-wrap-9153\" style=\"font-size:10px;\"><div class=\"icon_description_text ult-responsive\"  data-ultimate-target='#Info-list-wrap-9153 .icon_description_text'  data-responsive-json-new='{\"font-size\":\"desktop:13px;\",\"line-height\":\"desktop:18px;\"}'  style=\"\"><p>\u0130\u015fverenlerin personelleri ile ilgili i\u015f hukuku s\u00fcre\u00e7lerinin i\u015fletilmesinde insan kaynaklar\u0131na olay baz\u0131nda g\u00f6r\u00fc\u015f verilmesi<\/p>\n<\/div><\/div><div class=\"icon_list_connector\"  style=\"border: none !important;\"><\/div><\/li><li class=\"icon_list_item\" style=\" font-size:30px;\"><div class=\"icon_list_icon\" data-animation=\"fadeInRight\" data-animation-delay=\"03\" style=\"font-size:10px;border-width:1px;border-style:solid;background:#ffffff;color:#243154;border-color:#243154;\"><i class=\"dt-icon-the7-arrow-0-41\" ><\/i><\/div><div class=\"icon_description\" id=\"Info-list-wrap-8673\" style=\"font-size:10px;\"><div class=\"icon_description_text ult-responsive\"  data-ultimate-target='#Info-list-wrap-8673 .icon_description_text'  data-responsive-json-new='{\"font-size\":\"desktop:13px;\",\"line-height\":\"desktop:18px;\"}'  style=\"\"><p>\u0130\u015fveren ad\u0131na Toplu \u0130\u015f S\u00f6zle\u015fmesi g\u00f6r\u00fc\u015fmelerine kat\u0131l\u0131m sa\u011flanmas\u0131 ve s\u00fcrecin y\u00fcr\u00fct\u00fclmesi<\/p>\n<\/div><\/div><div class=\"icon_list_connector\"  style=\"border: none !important;\"><\/div><\/li><li class=\"icon_list_item\" style=\" font-size:30px;\"><div class=\"icon_list_icon\" data-animation=\"fadeInRight\" data-animation-delay=\"03\" style=\"font-size:10px;border-width:1px;border-style:solid;background:#ffffff;color:#243154;border-color:#243154;\"><i class=\"dt-icon-the7-arrow-0-41\" ><\/i><\/div><div class=\"icon_description\" id=\"Info-list-wrap-9918\" style=\"font-size:10px;\"><div class=\"icon_description_text ult-responsive\"  data-ultimate-target='#Info-list-wrap-9918 .icon_description_text'  data-responsive-json-new='{\"font-size\":\"desktop:13px;\",\"line-height\":\"desktop:18px;\"}'  style=\"\"><p>Dan\u0131\u015fmanl\u0131k hizmeti verdi\u011fimiz \u015firketlerin insan kaynaklar\u0131 departmanlar\u0131yla koordineli olarak \u00e7al\u0131\u015fmalar s\u00fcrd\u00fcrerek, insan kaynaklar\u0131 hizmetlerinin hukuki temellere oturtulmas\u0131n\u0131 sa\u011flamak<\/p>\n<\/div><\/div><div class=\"icon_list_connector\"  style=\"border: none !important;\"><\/div><\/li><li class=\"icon_list_item\" style=\" font-size:30px;\"><div class=\"icon_list_icon\" data-animation=\"fadeInRight\" data-animation-delay=\"03\" style=\"font-size:10px;border-width:1px;border-style:solid;background:#ffffff;color:#243154;border-color:#243154;\"><i class=\"dt-icon-the7-arrow-0-41\" ><\/i><\/div><div class=\"icon_description\" id=\"Info-list-wrap-7158\" style=\"font-size:10px;\"><div class=\"icon_description_text ult-responsive\"  data-ultimate-target='#Info-list-wrap-7158 .icon_description_text'  data-responsive-json-new='{\"font-size\":\"desktop:13px;\",\"line-height\":\"desktop:18px;\"}'  style=\"\"><p>Toplu \u0130\u015f S\u00f6zle\u015fmesi uygulamalar\u0131nda y\u00f6nlendirici dan\u0131\u015fmanl\u0131k verilmesi<\/p>\n<\/div><\/div><div class=\"icon_list_connector\"  style=\"border: none !important;\"><\/div><\/li><li class=\"icon_list_item\" style=\" font-size:30px;\"><div class=\"icon_list_icon\" data-animation=\"fadeInRight\" data-animation-delay=\"03\" style=\"font-size:10px;border-width:1px;border-style:solid;background:#ffffff;color:#243154;border-color:#243154;\"><i class=\"dt-icon-the7-arrow-0-41\" ><\/i><\/div><div class=\"icon_description\" id=\"Info-list-wrap-8069\" style=\"font-size:10px;\"><div class=\"icon_description_text ult-responsive\"  data-ultimate-target='#Info-list-wrap-8069 .icon_description_text'  data-responsive-json-new='{\"font-size\":\"desktop:13px;\",\"line-height\":\"desktop:18px;\"}'  style=\"\"><p>\u0130\u015fverenlerin sendikalar ile ili\u015fkilerinin hukuki zeminde y\u00f6netiminin sa\u011flanma<\/p>\n<\/div><\/div><div class=\"icon_list_connector\"  style=\"border: none !important;\"><\/div><\/li><\/ul><\/div>[\/vc_column][vc_column css_animation=&#8221;none&#8221; width=&#8221;1\/3&#8243;]<div class=\"dt-fancy-separator title-left h3-size style-disabled\" style=\"width: 100%;\"><div class=\"dt-fancy-title\" style=\"color: #243154;\"><span class=\"separator-holder separator-left\"><\/span>SERVICES<span class=\"separator-holder separator-right\"><\/span><\/div><\/div>[vc_separator color=&#8221;custom&#8221; align=&#8221;align_left&#8221; accent_color=&#8221;#243154&#8243;]<div class=\"ult-spacer spacer-69e7694e5277d\" data-id=\"69e7694e5277d\" data-height=\"10\" data-height-mobile=\"10\" data-height-tab=\"10\" data-height-tab-portrait=\"\" data-height-mobile-landscape=\"\" style=\"clear:both;display:block;\"><\/div>[vc_widget_sidebar sidebar_id=&#8221;smartslider_area_1&#8243;][\/vc_column][\/vc_row][vc_row][vc_column]<div class=\"ult-spacer spacer-69e7694e5279a\" data-id=\"69e7694e5279a\" data-height=\"50\" data-height-mobile=\"50\" data-height-tab=\"50\" data-height-tab-portrait=\"\" data-height-mobile-landscape=\"\" style=\"clear:both;display:block;\"><\/div>[\/vc_column][\/vc_row][vc_row full_width=&#8221;stretch_row&#8221; bg_type=&#8221;image&#8221; parallax_style=&#8221;vcpb-vz-jquery&#8221; bg_image_new=&#8221;id^4069|url^https:\/\/aldaghukuk.com\/en\/wp-content\/uploads\/2021\/10\/ebulten-arkaplan.jpg|caption^null|alt^null|title^ebulten-arkaplan|description^null&#8221; bg_image_repeat=&#8221;no-repeat&#8221; bg_img_attach=&#8221;fixed&#8221; disable_on_mobile_img_parallax=&#8221;disable_on_mobile_img_parallax_value&#8221;][vc_column]<div class=\"ult-spacer spacer-69e7694e527b2\" data-id=\"69e7694e527b2\" data-height=\"60\" data-height-mobile=\"60\" data-height-tab=\"60\" data-height-tab-portrait=\"\" data-height-mobile-landscape=\"\" style=\"clear:both;display:block;\"><\/div><div class=\"dt-fancy-separator h3-size style-disabled\" style=\"width: 100%;\"><div class=\"dt-fancy-title\" style=\"color: #ffffff;\"><span class=\"separator-holder separator-left\"><\/span>Be informed about legal developments.<span class=\"separator-holder separator-right\"><\/span><\/div><\/div><div class=\"ult-spacer spacer-69e7694e527f8\" data-id=\"69e7694e527f8\" data-height=\"30\" data-height-mobile=\"30\" data-height-tab=\"30\" data-height-tab-portrait=\"\" data-height-mobile-landscape=\"\" style=\"clear:both;display:block;\"><\/div>[vc_row_inner][vc_column_inner width=&#8221;1\/3&#8243;][\/vc_column_inner][vc_column_inner width=&#8221;1\/3&#8243;][vc_widget_sidebar show_bg=&#8221;false&#8221; sidebar_id=&#8221;sidebar_3&#8243;][\/vc_column_inner][vc_column_inner width=&#8221;1\/3&#8243;][\/vc_column_inner][\/vc_row_inner]<div class=\"ult-spacer spacer-69e7694e5280f\" data-id=\"69e7694e5280f\" data-height=\"60\" data-height-mobile=\"60\" data-height-tab=\"60\" data-height-tab-portrait=\"\" data-height-mobile-landscape=\"\" style=\"clear:both;display:block;\"><\/div>[\/vc_column][\/vc_row]<\/p>\n","protected":false},"excerpt":{"rendered":"<p>[vc_row css_animation=&#8221;none&#8221; bg_type=&#8221;bg_color&#8221; bg_color_value=&#8221;#ffffff&#8221; css=&#8221;.vc_custom_1635880063745{padding-top: 20px !important;padding-right: 20px !important;padding-bottom: 20px !important;padding-left: 20px !important;}&#8221;][vc_column css_animation=&#8221;none&#8221; width=&#8221;2\/3&#8243;][vc_single_image image=&#8221;4419&#8243; img_size=&#8221;full&#8221;][vc_column_text] Alda\u011f Law&amp;Consultancy, our labor law team, which consists of lawyers specialized in individual and collective labor law, occupational health and safety law, and social security law, provides legal consultancy services to our clients on all kinds of labor&hellip;<\/p>\n","protected":false},"author":1,"featured_media":0,"parent":0,"menu_order":0,"comment_status":"closed","ping_status":"closed","template":"","meta":[],"class_list":["post-4103","page","type-page","status-publish","hentry","description-off"],"_links":{"self":[{"href":"https:\/\/aldaghukuk.com\/en\/wp-json\/wp\/v2\/pages\/4103","targetHints":{"allow":["GET"]}}],"collection":[{"href":"https:\/\/aldaghukuk.com\/en\/wp-json\/wp\/v2\/pages"}],"about":[{"href":"https:\/\/aldaghukuk.com\/en\/wp-json\/wp\/v2\/types\/page"}],"author":[{"embeddable":true,"href":"https:\/\/aldaghukuk.com\/en\/wp-json\/wp\/v2\/users\/1"}],"replies":[{"embeddable":true,"href":"https:\/\/aldaghukuk.com\/en\/wp-json\/wp\/v2\/comments?post=4103"}],"version-history":[{"count":9,"href":"https:\/\/aldaghukuk.com\/en\/wp-json\/wp\/v2\/pages\/4103\/revisions"}],"predecessor-version":[{"id":4967,"href":"https:\/\/aldaghukuk.com\/en\/wp-json\/wp\/v2\/pages\/4103\/revisions\/4967"}],"wp:attachment":[{"href":"https:\/\/aldaghukuk.com\/en\/wp-json\/wp\/v2\/media?parent=4103"}],"curies":[{"name":"wp","href":"https:\/\/api.w.org\/{rel}","templated":true}]}}