{"id":4109,"date":"2021-10-14T00:43:24","date_gmt":"2021-10-13T21:43:24","guid":{"rendered":"https:\/\/www.aldaghukuk.com\/?page_id=4109"},"modified":"2022-01-24T12:13:02","modified_gmt":"2022-01-24T09:13:02","slug":"law-of-domestic-relations-family-law","status":"publish","type":"page","link":"https:\/\/aldaghukuk.com\/en\/law-of-domestic-relations-family-law\/","title":{"rendered":"LAW OF DOMESTIC RELATIONS &#8211; FAMILY LAW"},"content":{"rendered":"<p>[vc_row css_animation=&#8221;none&#8221; bg_type=&#8221;bg_color&#8221; bg_color_value=&#8221;#ffffff&#8221; css=&#8221;.vc_custom_1635880104761{padding-top: 20px !important;padding-right: 20px !important;padding-bottom: 20px !important;padding-left: 20px !important;}&#8221;][vc_column css_animation=&#8221;none&#8221; width=&#8221;2\/3&#8243;][vc_single_image image=&#8221;4110&#8243; img_size=&#8221;full&#8221;]<div class=\"ult-spacer spacer-69e759ccda7a0\" data-id=\"69e759ccda7a0\" data-height=\"50\" data-height-mobile=\"50\" data-height-tab=\"50\" data-height-tab-portrait=\"\" data-height-mobile-landscape=\"\" style=\"clear:both;display:block;\"><\/div>[vc_column_text]<\/p>\n<p style=\"text-align: justify;\">Alda\u011f Hukuk&amp;Dan\u0131\u015fmanl\u0131k, gerek T\u00fcrk vatanda\u015flar\u0131 gerekse T\u00fcrk vatanda\u015f\u0131 ve yabanc\u0131lar aras\u0131ndaki evlenme, ni\u015fanlanma, bo\u015fanma, nafaka y\u00fck\u00fcml\u00fcl\u00fckleri, velayet, e\u015fler aras\u0131ndaki mal rejimleri, h\u0131s\u0131ml\u0131k, soyba\u011f\u0131 kurulmas\u0131, evlat edinme, \u00e7ocuk mallar\u0131, aile mallar\u0131 ile vesayet gibi konularda aile hukukundan do\u011fan ihtilaflar\u0131n mahkeme \u00f6n\u00fcnde \u00e7\u00f6z\u00fcm\u00fcnde ve taraflar aras\u0131nda protokol d\u00fczenlenmesinde m\u00fcvekkillerine Medeni Kanun, Hukuk Muhakemeleri Kanunu ve ilgili milletleraras\u0131 s\u00f6zle\u015fme ve kanunlarda yer alan h\u00fck\u00fcmler \u00e7er\u00e7evesinde \u00f6zel hayat\u0131n gizlili\u011fine b\u00fcy\u00fck \u00f6zen ve dikkat g\u00f6stererek &#8216;Kesintisiz \u0130leti\u015fim Politikas\u0131&#8217; ile hizmet vermektedir.<\/p>\n<p style=\"text-align: justify;\"><em><strong>Uninterrupted Communication Policy<\/strong><\/em><\/p>\n<p style=\"text-align: justify;\">Alda\u011f Law&amp;Consultancy provides services to its clients with an uninterrupted communication policy. With an uninterrupted communication policy; Regardless of the place and time, it is aimed to receive the client\u2019s requests in the most accurate way and to finalize their requests in the shortest time and in a duly manner. During this process, the client is informed at every stage as a requirement of the uninterrupted service policy. Thus, it is aimed that the clients\/clients who convey their requests to their lawyers are informed at the very beginning of the process in a healthy and accurate manner and obtain the most transparent information about the process.<\/p>\n<p>[\/vc_column_text]<div class=\"smile_icon_list_wrap ult_info_list_container ult-adjust-bottom-margin  \"><ul class=\"smile_icon_list left square with_bg\"><li class=\"icon_list_item\" style=\" font-size:30px;\"><div class=\"icon_list_icon\" data-animation=\"fadeInRight\" data-animation-delay=\"03\" style=\"font-size:10px;border-width:1px;border-style:solid;background:#ffffff;color:#243154;border-color:#243154;\"><i class=\"dt-icon-the7-arrow-0-41\" ><\/i><\/div><div class=\"icon_description\" id=\"Info-list-wrap-3049\" style=\"font-size:10px;\"><div class=\"icon_description_text ult-responsive\"  data-ultimate-target='#Info-list-wrap-3049 .icon_description_text'  data-responsive-json-new='{\"font-size\":\"desktop:13px;\",\"line-height\":\"desktop:18px;\"}'  style=\"\"><p>Bo\u015fanma ve soyba\u011f\u0131 davalar\u0131n\u0131n y\u00fcr\u00fct\u00fclmesi.<\/p>\n<\/div><\/div><div class=\"icon_list_connector\"  style=\"border: none !important;\"><\/div><\/li><li class=\"icon_list_item\" style=\" font-size:30px;\"><div class=\"icon_list_icon\" data-animation=\"fadeInRight\" data-animation-delay=\"03\" style=\"font-size:10px;border-width:1px;border-style:solid;background:#ffffff;color:#243154;border-color:#243154;\"><i class=\"dt-icon-the7-arrow-0-41\" ><\/i><\/div><div class=\"icon_description\" id=\"Info-list-wrap-4062\" style=\"font-size:10px;\"><div class=\"icon_description_text ult-responsive\"  data-ultimate-target='#Info-list-wrap-4062 .icon_description_text'  data-responsive-json-new='{\"font-size\":\"desktop:13px;\",\"line-height\":\"desktop:18px;\"}'  style=\"\"><p>Anla\u015fmal\u0131 bo\u015fanmalarda protokol d\u00fczenlenmesi ve buna ili\u015fkin davalar\u0131n a\u00e7\u0131larak en h\u0131zl\u0131 \u015fekilde sonland\u0131r\u0131lmas\u0131.<\/p>\n<\/div><\/div><div class=\"icon_list_connector\"  style=\"border: none !important;\"><\/div><\/li><li class=\"icon_list_item\" style=\" font-size:30px;\"><div class=\"icon_list_icon\" data-animation=\"fadeInRight\" data-animation-delay=\"03\" style=\"font-size:10px;border-width:1px;border-style:solid;background:#ffffff;color:#243154;border-color:#243154;\"><i class=\"dt-icon-the7-arrow-0-41\" ><\/i><\/div><div class=\"icon_description\" id=\"Info-list-wrap-1478\" style=\"font-size:10px;\"><div class=\"icon_description_text ult-responsive\"  data-ultimate-target='#Info-list-wrap-1478 .icon_description_text'  data-responsive-json-new='{\"font-size\":\"desktop:13px;\",\"line-height\":\"desktop:18px;\"}'  style=\"\"><p>\u00c7eki\u015fmeli bo\u015fanma davalar\u0131nda maddi ve manevi tazminat taleplerinin sunulmas\u0131 ve bo\u015fanmadan sonra mal varl\u0131\u011f\u0131 tasfiyesinin y\u00fcr\u00fct\u00fclmesi \u00a0ile velayet ve nafaka h\u00fck\u00fcmlerine ayk\u0131r\u0131 davran\u0131lmas\u0131na kar\u015f\u0131 hukuki \u00e7\u00f6z\u00fcm yollar\u0131 \u00fcretilmesi.<\/p>\n<\/div><\/div><div class=\"icon_list_connector\"  style=\"border: none !important;\"><\/div><\/li><li class=\"icon_list_item\" style=\" font-size:30px;\"><div class=\"icon_list_icon\" data-animation=\"fadeInRight\" data-animation-delay=\"03\" style=\"font-size:10px;border-width:1px;border-style:solid;background:#ffffff;color:#243154;border-color:#243154;\"><i class=\"dt-icon-the7-arrow-0-41\" ><\/i><\/div><div class=\"icon_description\" id=\"Info-list-wrap-4623\" style=\"font-size:10px;\"><div class=\"icon_description_text ult-responsive\"  data-ultimate-target='#Info-list-wrap-4623 .icon_description_text'  data-responsive-json-new='{\"font-size\":\"desktop:13px;\",\"line-height\":\"desktop:18px;\"}'  style=\"\"><p>Evlenecek taraflar aras\u0131nda yap\u0131lacak malvarl\u0131\u011f\u0131 s\u00f6zle\u015fmeleri hakk\u0131nda dan\u0131\u015fmanl\u0131k hizmeti sa\u011flanmas\u0131 ve\u00a0ayr\u0131ca Aile Mahkemelerinde g\u00f6r\u00fclen t\u00fcm uyu\u015fmazl\u0131klar\u0131n \u00e7\u00f6z\u00fcm\u00fc.<\/p>\n<\/div><\/div><div class=\"icon_list_connector\"  style=\"border: none !important;\"><\/div><\/li><\/ul><\/div>[\/vc_column][vc_column css_animation=&#8221;none&#8221; width=&#8221;1\/3&#8243;]<div class=\"dt-fancy-separator title-left h3-size style-disabled\" style=\"width: 100%;\"><div class=\"dt-fancy-title\" style=\"color: #243154;\"><span class=\"separator-holder separator-left\"><\/span>SERVICES<span class=\"separator-holder separator-right\"><\/span><\/div><\/div>[vc_separator color=&#8221;custom&#8221; align=&#8221;align_left&#8221; accent_color=&#8221;#243154&#8243;]<div class=\"ult-spacer spacer-69e759ccdabe4\" data-id=\"69e759ccdabe4\" data-height=\"10\" data-height-mobile=\"10\" data-height-tab=\"10\" data-height-tab-portrait=\"\" data-height-mobile-landscape=\"\" style=\"clear:both;display:block;\"><\/div>[vc_widget_sidebar sidebar_id=&#8221;smartslider_area_1&#8243;][\/vc_column][\/vc_row][vc_row][vc_column]<div class=\"ult-spacer spacer-69e759ccdac05\" data-id=\"69e759ccdac05\" data-height=\"50\" data-height-mobile=\"50\" data-height-tab=\"50\" data-height-tab-portrait=\"\" data-height-mobile-landscape=\"\" style=\"clear:both;display:block;\"><\/div>[\/vc_column][\/vc_row][vc_row full_width=&#8221;stretch_row&#8221; bg_type=&#8221;image&#8221; parallax_style=&#8221;vcpb-vz-jquery&#8221; bg_image_new=&#8221;id^4069|url^https:\/\/aldaghukuk.com\/en\/wp-content\/uploads\/2021\/10\/ebulten-arkaplan.jpg|caption^null|alt^null|title^ebulten-arkaplan|description^null&#8221; bg_image_repeat=&#8221;no-repeat&#8221; bg_img_attach=&#8221;fixed&#8221; disable_on_mobile_img_parallax=&#8221;disable_on_mobile_img_parallax_value&#8221;][vc_column]<div class=\"ult-spacer spacer-69e759ccdac23\" data-id=\"69e759ccdac23\" data-height=\"60\" data-height-mobile=\"60\" data-height-tab=\"60\" data-height-tab-portrait=\"\" data-height-mobile-landscape=\"\" style=\"clear:both;display:block;\"><\/div><div class=\"dt-fancy-separator h3-size style-disabled\" style=\"width: 100%;\"><div class=\"dt-fancy-title\" style=\"color: #ffffff;\"><span class=\"separator-holder separator-left\"><\/span>Be informed about legal developments.<span class=\"separator-holder separator-right\"><\/span><\/div><\/div><div class=\"ult-spacer spacer-69e759ccdac77\" data-id=\"69e759ccdac77\" data-height=\"30\" data-height-mobile=\"30\" data-height-tab=\"30\" data-height-tab-portrait=\"\" data-height-mobile-landscape=\"\" style=\"clear:both;display:block;\"><\/div>[vc_row_inner][vc_column_inner width=&#8221;1\/3&#8243;][\/vc_column_inner][vc_column_inner width=&#8221;1\/3&#8243;][vc_widget_sidebar show_bg=&#8221;false&#8221; sidebar_id=&#8221;sidebar_3&#8243;][\/vc_column_inner][vc_column_inner width=&#8221;1\/3&#8243;][\/vc_column_inner][\/vc_row_inner]<div class=\"ult-spacer spacer-69e759ccdac91\" data-id=\"69e759ccdac91\" data-height=\"60\" data-height-mobile=\"60\" data-height-tab=\"60\" data-height-tab-portrait=\"\" data-height-mobile-landscape=\"\" style=\"clear:both;display:block;\"><\/div>[\/vc_column][\/vc_row][vc_row][vc_column]<style type=\"text\/css\" data-type=\"the7_shortcodes-inline-css\">.carousel-shortcode.carousel-shortcode-id-193add502047c4d0f08e790f273e84ea .owl-nav a {\n  width: 36px;\n  height: 36px;\n  border-radius: 500px;\n}\n.dt-arrow-border-on.carousel-shortcode.carousel-shortcode-id-193add502047c4d0f08e790f273e84ea .owl-nav a:not(:hover):before {\n  border-width: 0px;\n}\n.dt-arrow-hover-border-on.carousel-shortcode.carousel-shortcode-id-193add502047c4d0f08e790f273e84ea .owl-nav a:hover:after {\n  border-width: 0px;\n}\n.carousel-shortcode.carousel-shortcode-id-193add502047c4d0f08e790f273e84ea .owl-nav a.owl-prev {\n  top: 50%;\n  transform: translateY(calc(-50% + 0px));\n  left: -43px;\n}\n@media all and (-ms-high-contrast: none) {\n  .carousel-shortcode.carousel-shortcode-id-193add502047c4d0f08e790f273e84ea .owl-nav a.owl-prev {\n    transform: translateY(-50%);\n    margin-top: 0px;\n  }\n}\n.carousel-shortcode.carousel-shortcode-id-193add502047c4d0f08e790f273e84ea .owl-nav a.owl-prev i {\n  padding: 0px 0px 0px 0px;\n}\n.carousel-shortcode.carousel-shortcode-id-193add502047c4d0f08e790f273e84ea .owl-nav a.owl-next {\n  top: 50%;\n  transform: translateY(calc(-50% + 0px));\n  right: -43px;\n}\n@media all and (-ms-high-contrast: none) {\n  .carousel-shortcode.carousel-shortcode-id-193add502047c4d0f08e790f273e84ea .owl-nav a.owl-next {\n    transform: translateY(-50%);\n    margin-top: 0px;\n  }\n}\n.carousel-shortcode.carousel-shortcode-id-193add502047c4d0f08e790f273e84ea .owl-nav a.owl-next i {\n  padding: 0px 0px 0px 0px;\n}\n.carousel-shortcode.carousel-shortcode-id-193add502047c4d0f08e790f273e84ea .owl-nav i {\n  font-size: 18px;\n}\n.carousel-shortcode.carousel-shortcode-id-193add502047c4d0f08e790f273e84ea .owl-nav a:not(:hover) i,\n.carousel-shortcode.carousel-shortcode-id-193add502047c4d0f08e790f273e84ea .owl-nav a:not(:hover) i:before {\n  color: #ffffff;\n  background: none;\n}\n.carousel-shortcode.carousel-shortcode-id-193add502047c4d0f08e790f273e84ea .owl-nav a:hover i,\n.carousel-shortcode.carousel-shortcode-id-193add502047c4d0f08e790f273e84ea .owl-nav a:hover i:before {\n  color: rgba(255,255,255,0.75);\n  background: none;\n}\n.carousel-shortcode.carousel-shortcode-id-193add502047c4d0f08e790f273e84ea .owl-dots {\n  top: calc(100% + 20px);\n  left: 50%;\n  transform: translateX(calc(-50% + 0px));\n}\n@media all and (-ms-high-contrast: none) {\n  .carousel-shortcode.carousel-shortcode-id-193add502047c4d0f08e790f273e84ea .owl-dots {\n    transform: translateX(-50%);\n    margin-left: 0px;\n  }\n}\n.carousel-shortcode.carousel-shortcode-id-193add502047c4d0f08e790f273e84ea .owl-dot {\n  width: 10px;\n  height: 10px;\n  margin: 0 8px;\n}\n@media screen and (max-width: 778px) {\n  .carousel-shortcode.carousel-shortcode-id-193add502047c4d0f08e790f273e84ea.hide-arrows .owl-nav a {\n    display: none;\n  }\n}\n@media screen and (max-width: 778px) {\n  .carousel-shortcode.carousel-shortcode-id-193add502047c4d0f08e790f273e84ea.reposition-arrows .owl-nav .owl-prev {\n    top: 50%;\n    transform: translateY(calc(-50% + 0px));\n    left: 10px;\n  }\n  .carousel-shortcode.carousel-shortcode-id-193add502047c4d0f08e790f273e84ea.reposition-arrows .owl-nav .owl-next {\n    top: 50%;\n    transform: translateY(calc(-50% + 0px));\n    right: 10px;\n  }\n}\n@media screen and (max-width: 778px) and all and (-ms-high-contrast: none) {\n  .carousel-shortcode.carousel-shortcode-id-193add502047c4d0f08e790f273e84ea.reposition-arrows .owl-nav .owl-prev {\n    transform: translateY(-50%);\n    margin-top: 0px;\n  }\n}\n@media screen and (max-width: 778px) and all and (-ms-high-contrast: none) {\n  .carousel-shortcode.carousel-shortcode-id-193add502047c4d0f08e790f273e84ea.reposition-arrows .owl-nav .owl-next {\n    transform: translateY(-50%);\n    margin-top: 0px;\n  }\n}\n<\/style><div class=\"owl-carousel carousel-shortcode dt-owl-carousel-call carousel-shortcode-id-193add502047c4d0f08e790f273e84ea bullets-small-dot-stroke reposition-arrows arrows-bg-on dt-arrow-border-on dt-arrow-hover-border-on disable-arrows-hover-bg arrows-hover-bg-on  \" data-scroll-mode=\"1\" data-col-num=\"3\" data-wide-col-num=\"4\" data-laptop-col=\"3\" data-h-tablet-columns-num=\"3\" data-v-tablet-columns-num=\"2\" data-phone-columns-num=\"1\" data-auto-height=\"true\" data-col-gap=\"30\" data-stage-padding=\"0\" data-speed=\"600\" data-autoplay=\"false\" data-autoplay_speed=\"6000\" data-arrows=\"true\" data-bullet=\"false\" data-next-icon=\"icon-ar-017-r\" data-prev-icon=\"icon-ar-017-l\">[vc_single_image image=&#8221;4747&#8243; img_size=&#8221;full&#8221;][vc_single_image image=&#8221;4747&#8243; img_size=&#8221;full&#8221;][vc_single_image image=&#8221;4747&#8243; img_size=&#8221;full&#8221;][vc_single_image image=&#8221;4747&#8243; img_size=&#8221;full&#8221;][vc_single_image image=&#8221;4747&#8243; img_size=&#8221;full&#8221;][vc_single_image image=&#8221;4747&#8243; img_size=&#8221;full&#8221;][vc_single_image image=&#8221;4747&#8243; img_size=&#8221;full&#8221;]<\/div>[\/vc_column][\/vc_row]<\/p>\n","protected":false},"excerpt":{"rendered":"<p>[vc_row css_animation=&#8221;none&#8221; bg_type=&#8221;bg_color&#8221; bg_color_value=&#8221;#ffffff&#8221; css=&#8221;.vc_custom_1635880104761{padding-top: 20px !important;padding-right: 20px !important;padding-bottom: 20px !important;padding-left: 20px !important;}&#8221;][vc_column css_animation=&#8221;none&#8221; width=&#8221;2\/3&#8243;][vc_single_image image=&#8221;4110&#8243; img_size=&#8221;full&#8221;][vc_column_text] Alda\u011f Hukuk&amp;Dan\u0131\u015fmanl\u0131k, gerek T\u00fcrk vatanda\u015flar\u0131 gerekse T\u00fcrk vatanda\u015f\u0131 ve yabanc\u0131lar aras\u0131ndaki evlenme, ni\u015fanlanma, bo\u015fanma, nafaka y\u00fck\u00fcml\u00fcl\u00fckleri, velayet, e\u015fler aras\u0131ndaki mal rejimleri, h\u0131s\u0131ml\u0131k, soyba\u011f\u0131 kurulmas\u0131, evlat edinme, \u00e7ocuk mallar\u0131, aile mallar\u0131 ile vesayet gibi konularda aile hukukundan do\u011fan ihtilaflar\u0131n&hellip;<\/p>\n","protected":false},"author":1,"featured_media":0,"parent":0,"menu_order":0,"comment_status":"closed","ping_status":"closed","template":"","meta":[],"class_list":["post-4109","page","type-page","status-publish","hentry","description-off"],"_links":{"self":[{"href":"https:\/\/aldaghukuk.com\/en\/wp-json\/wp\/v2\/pages\/4109","targetHints":{"allow":["GET"]}}],"collection":[{"href":"https:\/\/aldaghukuk.com\/en\/wp-json\/wp\/v2\/pages"}],"about":[{"href":"https:\/\/aldaghukuk.com\/en\/wp-json\/wp\/v2\/types\/page"}],"author":[{"embeddable":true,"href":"https:\/\/aldaghukuk.com\/en\/wp-json\/wp\/v2\/users\/1"}],"replies":[{"embeddable":true,"href":"https:\/\/aldaghukuk.com\/en\/wp-json\/wp\/v2\/comments?post=4109"}],"version-history":[{"count":10,"href":"https:\/\/aldaghukuk.com\/en\/wp-json\/wp\/v2\/pages\/4109\/revisions"}],"predecessor-version":[{"id":4968,"href":"https:\/\/aldaghukuk.com\/en\/wp-json\/wp\/v2\/pages\/4109\/revisions\/4968"}],"wp:attachment":[{"href":"https:\/\/aldaghukuk.com\/en\/wp-json\/wp\/v2\/media?parent=4109"}],"curies":[{"name":"wp","href":"https:\/\/api.w.org\/{rel}","templated":true}]}}