{"id":4188,"date":"2021-10-14T02:39:01","date_gmt":"2021-10-13T23:39:01","guid":{"rendered":"https:\/\/www.aldaghukuk.com\/?page_id=4188"},"modified":"2022-03-02T16:58:33","modified_gmt":"2022-03-02T13:58:33","slug":"about-us","status":"publish","type":"page","link":"https:\/\/aldaghukuk.com\/en\/about-us\/","title":{"rendered":"ABOUT US"},"content":{"rendered":"<p>[vc_row css_animation=&#8221;none&#8221; css=&#8221;.vc_custom_1635879972175{padding-top: 20px !important;padding-right: 20px !important;padding-bottom: 20px !important;padding-left: 20px !important;background-color: #ffffff !important;}&#8221;][vc_column width=&#8221;1\/4&#8243;][vc_single_image image=&#8221;4948&#8243; img_size=&#8221;medium&#8221; style=&#8221;vc_box_shadow_3d&#8221;][vc_single_image image=&#8221;4949&#8243; img_size=&#8221;medium&#8221; style=&#8221;vc_box_shadow_3d&#8221;][vc_single_image image=&#8221;4958&#8243; img_size=&#8221;medium&#8221;][vc_single_image image=&#8221;4959&#8243; img_size=&#8221;medium&#8221;][vc_single_image image=&#8221;4993&#8243; img_size=&#8221;medium&#8221;][\/vc_column][vc_column width=&#8221;3\/4&#8243;][vc_column_text]<\/p>\n<p style=\"text-align: justify;\">Alda\u011f Law &amp; Consulting continues to work with a systematic integrity with its specialized team and academic support.<\/p>\n<p style=\"text-align: justify;\">Alda\u011f Law&amp;Consultancy makes use of experience to provide fast and effective solutions in all legal and client processes. Alda\u011f Law&amp;Consultancy meets all the legal and consultancy needs of its clients in 11 provinces of Turkey.<\/p>\n<p style=\"text-align: justify;\">Our main fields of work are in commercial proceedings and receivables, national and international contract litigation, and business law. We provide consultancy services on the most appropriate use of law for business purposes as keeping company records -including the articles of association-\u00a0 and legal activities under the Turkish Commercial Code. In addition, we help our foreign clients with their investments in Turkey and all the legal processes and legal issues of their investment.<\/p>\n<p style=\"text-align: justify;\">With the management of company law and corporate governance services, our clients and all consultancy requests are provided by services for the legal structure that is most suitable for the commercial activity. As Aldag Law&amp;Consultancy, in addition to providing consultancy includes avoiding conflicts of interest and data protection, we assess the current situation in both English and Turkish Language.<\/p>\n<p style=\"text-align: justify;\">Our solution partners in 11 provinces of Turkey help us expand the scope of conflict resolution and consultancy services. Our profound knowledge and the effective use of technology enable us to provide appropriate and practical information within the scope of need.<\/p>\n<p style=\"text-align: justify;\">Aldag Law&amp;Consulting provides services cooperating with law offices in most of the provinces of Turkey, primarily Ankara, \u0130stanbul, \u0130zmir, Antalya, Adana, Hatay, Samsun, Konya, Karaman, Diyarbak\u0131r, Kayseri, Nevsehir.<\/p>\n<p style=\"text-align: justify;\">Extremely meticulous, detailed, well-founded, and reliable legal consultancy services are provided for all kinds of complex or non-complex legal issues.<\/p>\n<p>[\/vc_column_text][vc_row_inner][vc_column_inner width=&#8221;1\/3&#8243;][vc_single_image image=&#8221;4747&#8243; img_size=&#8221;medium&#8221; style=&#8221;vc_box_shadow_border&#8221; onclick=&#8221;img_link_large&#8221; img_link_target=&#8221;_blank&#8221;][\/vc_column_inner][vc_column_inner width=&#8221;1\/3&#8243;][\/vc_column_inner][vc_column_inner width=&#8221;1\/3&#8243;][vc_single_image image=&#8221;4628&#8243;][vc_column_text]Av. \u00c7a\u011f\u0131n ALDA\u011e[\/vc_column_text][\/vc_column_inner][\/vc_row_inner][\/vc_column][\/vc_row][vc_row][vc_column]<div class=\"ult-spacer spacer-69e75a13937ba\" data-id=\"69e75a13937ba\" data-height=\"50\" data-height-mobile=\"50\" data-height-tab=\"50\" data-height-tab-portrait=\"\" data-height-mobile-landscape=\"\" style=\"clear:both;display:block;\"><\/div>[\/vc_column][\/vc_row][vc_row full_width=&#8221;stretch_row&#8221; bg_type=&#8221;image&#8221; parallax_style=&#8221;vcpb-vz-jquery&#8221; bg_image_new=&#8221;id^4069|url^https:\/\/aldaghukuk.com\/en\/wp-content\/uploads\/2021\/10\/ebulten-arkaplan.jpg|caption^null|alt^null|title^ebulten-arkaplan|description^null&#8221; bg_image_repeat=&#8221;no-repeat&#8221; bg_img_attach=&#8221;fixed&#8221; disable_on_mobile_img_parallax=&#8221;disable_on_mobile_img_parallax_value&#8221;][vc_column]<div class=\"ult-spacer spacer-69e75a13937fa\" data-id=\"69e75a13937fa\" data-height=\"60\" data-height-mobile=\"60\" data-height-tab=\"60\" data-height-tab-portrait=\"\" data-height-mobile-landscape=\"\" style=\"clear:both;display:block;\"><\/div><div class=\"dt-fancy-separator h3-size style-disabled\" style=\"width: 100%;\"><div class=\"dt-fancy-title\" style=\"color: #ffffff;\"><span class=\"separator-holder separator-left\"><\/span>Be informed about legal developments.<span class=\"separator-holder separator-right\"><\/span><\/div><\/div><div class=\"ult-spacer spacer-69e75a1393869\" data-id=\"69e75a1393869\" data-height=\"30\" data-height-mobile=\"30\" data-height-tab=\"30\" data-height-tab-portrait=\"\" data-height-mobile-landscape=\"\" style=\"clear:both;display:block;\"><\/div>[vc_row_inner][vc_column_inner width=&#8221;1\/3&#8243;][\/vc_column_inner][vc_column_inner width=&#8221;1\/3&#8243;][vc_widget_sidebar show_bg=&#8221;false&#8221; sidebar_id=&#8221;sidebar_3&#8243;][\/vc_column_inner][vc_column_inner width=&#8221;1\/3&#8243;][\/vc_column_inner][\/vc_row_inner]<div class=\"ult-spacer spacer-69e75a13939cf\" data-id=\"69e75a13939cf\" data-height=\"60\" data-height-mobile=\"60\" data-height-tab=\"60\" data-height-tab-portrait=\"\" data-height-mobile-landscape=\"\" style=\"clear:both;display:block;\"><\/div>[\/vc_column][\/vc_row][vc_row][vc_column width=&#8221;1\/2&#8243;][vc_row_inner][vc_column_inner][\/vc_column_inner][\/vc_row_inner][\/vc_column][vc_column width=&#8221;1\/2&#8243;][\/vc_column][\/vc_row]<\/p>\n","protected":false},"excerpt":{"rendered":"<p>[vc_row css_animation=&#8221;none&#8221; css=&#8221;.vc_custom_1635879972175{padding-top: 20px !important;padding-right: 20px !important;padding-bottom: 20px !important;padding-left: 20px !important;background-color: #ffffff !important;}&#8221;][vc_column width=&#8221;1\/4&#8243;][vc_single_image image=&#8221;4948&#8243; img_size=&#8221;medium&#8221; style=&#8221;vc_box_shadow_3d&#8221;][vc_single_image image=&#8221;4949&#8243; img_size=&#8221;medium&#8221; style=&#8221;vc_box_shadow_3d&#8221;][vc_single_image image=&#8221;4958&#8243; img_size=&#8221;medium&#8221;][vc_single_image image=&#8221;4959&#8243; img_size=&#8221;medium&#8221;][vc_single_image image=&#8221;4993&#8243; img_size=&#8221;medium&#8221;][\/vc_column][vc_column width=&#8221;3\/4&#8243;][vc_column_text] Alda\u011f Law &amp; Consulting continues to work with a systematic integrity with its specialized team and academic support. Alda\u011f Law&amp;Consultancy makes use of experience to provide fast and&hellip;<\/p>\n","protected":false},"author":1,"featured_media":0,"parent":0,"menu_order":0,"comment_status":"closed","ping_status":"closed","template":"","meta":[],"class_list":["post-4188","page","type-page","status-publish","hentry","description-off"],"_links":{"self":[{"href":"https:\/\/aldaghukuk.com\/en\/wp-json\/wp\/v2\/pages\/4188","targetHints":{"allow":["GET"]}}],"collection":[{"href":"https:\/\/aldaghukuk.com\/en\/wp-json\/wp\/v2\/pages"}],"about":[{"href":"https:\/\/aldaghukuk.com\/en\/wp-json\/wp\/v2\/types\/page"}],"author":[{"embeddable":true,"href":"https:\/\/aldaghukuk.com\/en\/wp-json\/wp\/v2\/users\/1"}],"replies":[{"embeddable":true,"href":"https:\/\/aldaghukuk.com\/en\/wp-json\/wp\/v2\/comments?post=4188"}],"version-history":[{"count":15,"href":"https:\/\/aldaghukuk.com\/en\/wp-json\/wp\/v2\/pages\/4188\/revisions"}],"predecessor-version":[{"id":4997,"href":"https:\/\/aldaghukuk.com\/en\/wp-json\/wp\/v2\/pages\/4188\/revisions\/4997"}],"wp:attachment":[{"href":"https:\/\/aldaghukuk.com\/en\/wp-json\/wp\/v2\/media?parent=4188"}],"curies":[{"name":"wp","href":"https:\/\/api.w.org\/{rel}","templated":true}]}}