{"id":4413,"date":"2021-10-16T02:58:14","date_gmt":"2021-10-15T23:58:14","guid":{"rendered":"https:\/\/aldaghukuk.com\/?page_id=4413"},"modified":"2022-01-24T12:09:09","modified_gmt":"2022-01-24T09:09:09","slug":"international-law","status":"publish","type":"page","link":"https:\/\/aldaghukuk.com\/en\/international-law\/","title":{"rendered":"INTERNATIONAL LAW"},"content":{"rendered":"<p>[vc_row css_animation=&#8221;none&#8221; bg_type=&#8221;bg_color&#8221; bg_color_value=&#8221;#ffffff&#8221; css=&#8221;.vc_custom_1635880142999{padding-top: 20px !important;padding-right: 20px !important;padding-bottom: 20px !important;padding-left: 20px !important;}&#8221;][vc_column css_animation=&#8221;none&#8221; width=&#8221;2\/3&#8243;][vc_single_image image=&#8221;4425&#8243; img_size=&#8221;large&#8221;]<div class=\"ult-spacer spacer-69e759f3ccbf2\" data-id=\"69e759f3ccbf2\" data-height=\"50\" data-height-mobile=\"50\" data-height-tab=\"50\" data-height-tab-portrait=\"\" data-height-mobile-landscape=\"\" style=\"clear:both;display:block;\"><\/div>[vc_column_text]<\/p>\n<p style=\"text-align: justify;\">Alda\u011f Hukuk&amp;Dan\u0131\u015fmanl\u0131k,\u00a0Uluslararas\u0131 \u0130\u015flemler ve Uyu\u015fmazl\u0131k \u00c7\u00f6z\u00fcm\u00fc alan\u0131nda, uluslararas\u0131 ticari i\u015flem veya ticari anla\u015fmazl\u0131klar konusunda yerli ve yabanc\u0131 m\u00fcvekkillerini akademisyen deste\u011fiyle temsili etmekte, dan\u0131\u015fmanl\u0131k hizmetleri vermektedir.\u00a0Alda\u011f Hukuk&amp;Dan\u0131\u015fmanl\u0131k, yabanc\u0131 m\u00fcvekkillerine, T\u00fcrkiye&#8217;deki i\u015flemlerinin ba\u015flat\u0131lmas\u0131 ve y\u00fcr\u00fct\u00fclmesi;\u00a0 bu i\u015flemlerinin T\u00fcrk ve\/veya kendi \u00fclke mevzuatlar\u0131na uygunlu\u011funu sa\u011flama ile\u00a0 T\u00fcrk veya yabanc\u0131 uyruklu ger\u00e7ek ya da t\u00fczel ki\u015fi m\u00fcvekkillerinin, uluslararas\u0131\u00a0 ticari uyu\u015fmazl\u0131klar\u0131n\u0131n \u00e7\u00f6z\u00fcm\u00fc konular\u0131nda,\u00a0 uyu\u015fmazl\u0131\u011f\u0131n T\u00fcrkiye veya yurtd\u0131\u015f\u0131nda yarg\u0131 veya sulh yollar\u0131ndan hangisiyle\u00a0 \u00e7\u00f6z\u00fclece\u011fine bak\u0131lmaks\u0131z\u0131n, \u00e7ok y\u00f6nl\u00fc ve \u00f6zg\u00fcn\u00a0 bir hukuk dan\u0131\u015fmanl\u0131\u011f\u0131 hizmeti sa\u011flamaktad\u0131r.<\/p>\n<p style=\"text-align: justify;\">T\u00fcrk ve Yabanc\u0131 ki\u015fi ve \u015firketlere ve ger\u00e7ek ki\u015filere T\u00fcrkiye\u2019de sahip olduklar\u0131 alacaklar\u0131n\u0131n tahsili i\u00e7in <em>&#8216;Kesintisiz \u0130leti\u015fim Politikas\u0131&#8217;<\/em> ile avukatl\u0131k ve dan\u0131\u015fmanl\u0131k hizmeti sa\u011flamaktad\u0131r. Bu noktada temel hedefimiz, m\u00fcvekkilimizin alaca\u011f\u0131na en \u00e7abuk, en etkin ve en az masrafl\u0131 \u015fekilde kavu\u015fmas\u0131d\u0131r.<\/p>\n<p style=\"text-align: justify;\"><strong><em><u>Kesintisiz \u0130leti\u015fim Politikas\u0131<\/u><\/em><\/strong><\/p>\n<p style=\"text-align: justify;\">Alda\u011f Hukuk&amp;Dan\u0131\u015fmanl\u0131k, m\u00fcvekkillerine\/dan\u0131\u015fanlar\u0131na kesintisiz ileti\u015fim politikas\u0131yla hizmet vermektedir. Kesintisiz ileti\u015fim politikas\u0131 ile; yer, zaman, mekan farketmeksizin m\u00fcvekkilin taleplerinin en do\u011fru \u015fekilde al\u0131nmas\u0131 ve bu s\u00fcre\u00e7te taleplerinin en k\u0131sa zamanda, usul\u00fcne uygun \u015fekilde sonu\u00e7land\u0131r\u0131lmas\u0131 hedeflenmektedir. M\u00fcvekkil bu s\u00fcre\u00e7 boyunca kesintisiz hizmet politikas\u0131n\u0131n gere\u011fi olarak her a\u015famada bilgi sahibi olmaktad\u0131r. B\u00f6ylece Avukat\u0131na taleplerini ileten m\u00fcvekkillerin\/dan\u0131\u015fanlar\u0131n, s\u00fcrecin daha en ba\u015f\u0131nda sa\u011fl\u0131kl\u0131 ve do\u011fru bilgilendirilmesi ile s\u00fcre\u00e7 hakk\u0131nda en \u015feffaf bilgiyi edinmesi ama\u00e7lan\u0131r.<\/p>\n<p style=\"text-align: justify;\" data-reader-unique-id=\"1\"><em><strong>ULUSLARARASI T\u0130CARET HUKUKU<\/strong><\/em><\/p>\n<p style=\"text-align: justify;\">Uluslararas\u0131 Ticaret Hukuku, farkl\u0131 \u00fclkelerde bulunan \u015firketler veya tacirler aras\u0131nda mal ve hizmet sat\u0131\u015flar\u0131n\u0131 ve uluslar aras\u0131 ticari s\u00f6zle\u015fmeleri ele alan hukuk dal\u0131d\u0131r. Bu hukuk dal\u0131 i\u00e7inde yabanc\u0131l\u0131k unsuru bulundu\u011fundan dolay\u0131, bu hukuk dal\u0131 uluslar aras\u0131 hukuk ve ulusal hukuk mevzuat\u0131na tabidir.\u00a0Uluslararas\u0131 Ticaret Hukukunun belli ba\u015fl\u0131 konular\u0131n\u0131;\u00a0milletleraras\u0131 mal al\u0131m sat\u0131m\u0131, milletleraras\u0131 mal ta\u015f\u0131ma s\u00f6zle\u015fmeleri,\u00a0\u00f6deme ara\u00e7lar\u0131,\u00a0milletleraras\u0131 ticari uyu\u015fmazl\u0131klar\u0131n \u00e7\u00f6z\u00fcm yollar\u0131,\u00a0milletleraras\u0131 ticari s\u00f6zle\u015fmelerin hukuki rejimi, \u00a0g\u00fcmr\u00fck rejimleri, milletleraras\u0131 ticari kurulu\u015flar, yabanc\u0131 sermaye yat\u0131r\u0131mlar\u0131, kambiyo mevzuat\u0131, milletleraras\u0131 ticarette finansman teknikleri,\u00a0ithalat ve ihracat i\u015flemleri,\u00a0\u00a0ticari s\u00f6zle\u015fmeler, \u00a0e-ticaret, \u00a0uluslararas\u0131 ticari uyu\u015fmazl\u0131klar ve \u00e7\u00f6z\u00fcm yollar\u0131 olu\u015fturmaktad\u0131r.<\/p>\n<p>[\/vc_column_text]<div class=\"smile_icon_list_wrap ult_info_list_container ult-adjust-bottom-margin  \"><ul class=\"smile_icon_list left square with_bg\"><li class=\"icon_list_item\" style=\" font-size:30px;\"><div class=\"icon_list_icon\" data-animation=\"fadeInRight\" data-animation-delay=\"03\" style=\"font-size:10px;border-width:1px;border-style:solid;background:#ffffff;color:#243154;border-color:#243154;\"><i class=\"dt-icon-the7-arrow-0-41\" ><\/i><\/div><div class=\"icon_description\" id=\"Info-list-wrap-2197\" style=\"font-size:10px;\"><div class=\"icon_description_text ult-responsive\"  data-ultimate-target='#Info-list-wrap-2197 .icon_description_text'  data-responsive-json-new='{\"font-size\":\"desktop:13px;\",\"line-height\":\"desktop:18px;\"}'  style=\"\"><p>\u0130hracat ve ithalattan kaynakl\u0131 yurt d\u0131\u015f\u0131 alacaklar\u0131n takibi<\/p>\n<\/div><\/div><div class=\"icon_list_connector\"  style=\"border: none !important;\"><\/div><\/li><li class=\"icon_list_item\" style=\" font-size:30px;\"><div class=\"icon_list_icon\" data-animation=\"fadeInRight\" data-animation-delay=\"03\" style=\"font-size:10px;border-width:1px;border-style:solid;background:#ffffff;color:#243154;border-color:#243154;\"><i class=\"dt-icon-the7-arrow-0-41\" ><\/i><\/div><div class=\"icon_description\" id=\"Info-list-wrap-3227\" style=\"font-size:10px;\"><div class=\"icon_description_text ult-responsive\"  data-ultimate-target='#Info-list-wrap-3227 .icon_description_text'  data-responsive-json-new='{\"font-size\":\"desktop:13px;\",\"line-height\":\"desktop:18px;\"}'  style=\"\"><p>\u015eirketlere yat\u0131r\u0131m\u00a0 te\u015fvikleri ile ilgili dan\u0131\u015fmanl\u0131k hizmeti verilmesi.<\/p>\n<\/div><\/div><div class=\"icon_list_connector\"  style=\"border: none !important;\"><\/div><\/li><li class=\"icon_list_item\" style=\" font-size:30px;\"><div class=\"icon_list_icon\" data-animation=\"fadeInRight\" data-animation-delay=\"03\" style=\"font-size:10px;border-width:1px;border-style:solid;background:#ffffff;color:#243154;border-color:#243154;\"><i class=\"dt-icon-the7-arrow-0-41\" ><\/i><\/div><div class=\"icon_description\" id=\"Info-list-wrap-2258\" style=\"font-size:10px;\"><div class=\"icon_description_text ult-responsive\"  data-ultimate-target='#Info-list-wrap-2258 .icon_description_text'  data-responsive-json-new='{\"font-size\":\"desktop:13px;\",\"line-height\":\"desktop:18px;\"}'  style=\"\"><p>Uluslararas\u0131 kanun incelemeleri, raporlama hizmetleri.<\/p>\n<\/div><\/div><div class=\"icon_list_connector\"  style=\"border: none !important;\"><\/div><\/li><li class=\"icon_list_item\" style=\" font-size:30px;\"><div class=\"icon_list_icon\" data-animation=\"fadeInRight\" data-animation-delay=\"03\" style=\"font-size:10px;border-width:1px;border-style:solid;background:#ffffff;color:#243154;border-color:#243154;\"><i class=\"dt-icon-the7-arrow-0-41\" ><\/i><\/div><div class=\"icon_description\" id=\"Info-list-wrap-8168\" style=\"font-size:10px;\"><div class=\"icon_description_text ult-responsive\"  data-ultimate-target='#Info-list-wrap-8168 .icon_description_text'  data-responsive-json-new='{\"font-size\":\"desktop:13px;\",\"line-height\":\"desktop:18px;\"}'  style=\"\"><p>\u0130thalatta haks\u0131z\u00a0 rekabetin \u00f6nlenmesine ili\u015fkin uygulamalara kar\u015f\u0131 savunmalar\u0131n haz\u0131rlanmas\u0131.<\/p>\n<\/div><\/div><div class=\"icon_list_connector\"  style=\"border: none !important;\"><\/div><\/li><li class=\"icon_list_item\" style=\" font-size:30px;\"><div class=\"icon_list_icon\" data-animation=\"fadeInRight\" data-animation-delay=\"03\" style=\"font-size:10px;border-width:1px;border-style:solid;background:#ffffff;color:#243154;border-color:#243154;\"><i class=\"dt-icon-the7-arrow-0-41\" ><\/i><\/div><div class=\"icon_description\" id=\"Info-list-wrap-1950\" style=\"font-size:10px;\"><div class=\"icon_description_text ult-responsive\"  data-ultimate-target='#Info-list-wrap-1950 .icon_description_text'  data-responsive-json-new='{\"font-size\":\"desktop:13px;\",\"line-height\":\"desktop:18px;\"}'  style=\"\"><p>\u0130thal ya da ihra\u00e7 edilen \u00fcr\u00fcnlerin g\u00fcmr\u00fcklenmesi,\u00a0 ta\u015f\u0131nmas\u0131, sigortalanmas\u0131 ve teslimi ile ilgili ihtilaflar\u0131n \u00e7\u00f6z\u00fcm\u00fc.<\/p>\n<\/div><\/div><div class=\"icon_list_connector\"  style=\"border: none !important;\"><\/div><\/li><li class=\"icon_list_item\" style=\" font-size:30px;\"><div class=\"icon_list_icon\" data-animation=\"fadeInRight\" data-animation-delay=\"03\" style=\"font-size:10px;border-width:1px;border-style:solid;background:#ffffff;color:#243154;border-color:#243154;\"><i class=\"dt-icon-the7-arrow-0-41\" ><\/i><\/div><div class=\"icon_description\" id=\"Info-list-wrap-2793\" style=\"font-size:10px;\"><div class=\"icon_description_text ult-responsive\"  data-ultimate-target='#Info-list-wrap-2793 .icon_description_text'  data-responsive-json-new='{\"font-size\":\"desktop:13px;\",\"line-height\":\"desktop:18px;\"}'  style=\"\"><p>Yabanc\u0131 uyruklu ger\u00e7ek veya t\u00fczel ki\u015filere, T\u00fcrk Hukuku hakk\u0131nda bilgilendirme ve uyum s\u00fcreci hizmetlerinin verilmesi.<\/p>\n<\/div><\/div><div class=\"icon_list_connector\"  style=\"border: none !important;\"><\/div><\/li><li class=\"icon_list_item\" style=\" font-size:30px;\"><div class=\"icon_list_icon\" data-animation=\"fadeInRight\" data-animation-delay=\"03\" style=\"font-size:10px;border-width:1px;border-style:solid;background:#ffffff;color:#243154;border-color:#243154;\"><i class=\"dt-icon-the7-arrow-0-41\" ><\/i><\/div><div class=\"icon_description\" id=\"Info-list-wrap-8788\" style=\"font-size:10px;\"><div class=\"icon_description_text ult-responsive\"  data-ultimate-target='#Info-list-wrap-8788 .icon_description_text'  data-responsive-json-new='{\"font-size\":\"desktop:13px;\",\"line-height\":\"desktop:18px;\"}'  style=\"\"><p>Yabanc\u0131 uyruklu \u015firketlerin T\u00fcrkiye&#8217;de \u015fube a\u00e7mas\u0131, T\u00fcrkiye&#8217;de yat\u0131r\u0131m yapmas\u0131na ili\u015fkin dan\u0131\u015fmanl\u0131k hizmetleri.<\/p>\n<\/div><\/div><div class=\"icon_list_connector\"  style=\"border: none !important;\"><\/div><\/li><li class=\"icon_list_item\" style=\" font-size:30px;\"><div class=\"icon_list_icon\" data-animation=\"fadeInRight\" data-animation-delay=\"03\" style=\"font-size:10px;border-width:1px;border-style:solid;background:#ffffff;color:#243154;border-color:#243154;\"><i class=\"dt-icon-the7-arrow-0-41\" ><\/i><\/div><div class=\"icon_description\" id=\"Info-list-wrap-9664\" style=\"font-size:10px;\"><div class=\"icon_description_text ult-responsive\"  data-ultimate-target='#Info-list-wrap-9664 .icon_description_text'  data-responsive-json-new='{\"font-size\":\"desktop:13px;\",\"line-height\":\"desktop:18px;\"}'  style=\"\"><p data-reader-unique-id=\"47\"><span data-reader-unique-id=\"48\">\u00a0\u00a0\u00a0 <\/span><span data-reader-unique-id=\"51\">Uluslararas\u0131 rekabet yasa\u011f\u0131 uyu\u015fmazl\u0131klar\u0131nda hukuki destek ve dan\u0131\u015fmanl\u0131k hizmeti verilmesi,<\/span><\/p>\n<p data-reader-unique-id=\"52\"><span data-reader-unique-id=\"53\">\u00b7\u00a0\u00a0\u00a0\u00a0\u00a0\u00a0\u00a0\u00a0 <\/span><span data-reader-unique-id=\"56\">Uluslar aras\u0131 marka-patent uyu\u015fmazl\u0131klar\u0131nda hukuki destek ve dan\u0131\u015fmanl\u0131k hizmeti verilmesi,<\/span><\/p>\n<p data-reader-unique-id=\"57\"><span data-reader-unique-id=\"58\">\u00b7\u00a0\u00a0\u00a0\u00a0\u00a0\u00a0\u00a0\u00a0 <\/span><span data-reader-unique-id=\"61\">Uluslararas\u0131 Tahkim yoluna ba\u015fvurma,<\/span><\/p>\n<p data-reader-unique-id=\"62\"><span data-reader-unique-id=\"63\">\u00b7\u00a0\u00a0\u00a0\u00a0\u00a0\u00a0\u00a0\u00a0 <\/span><span data-reader-unique-id=\"66\">Uluslararas\u0131 yat\u0131r\u0131mlarda vergi hukuku alan\u0131nda hukuki dan\u0131\u015fmanl\u0131k hizmetleri verilmesi,<\/span><\/p>\n<\/div><\/div><div class=\"icon_list_connector\"  style=\"border: none !important;\"><\/div><\/li><\/ul><\/div>[\/vc_column][vc_column width=&#8221;1\/3&#8243;]<div class=\"dt-fancy-separator title-left h3-size\" style=\"width: 100%;\"><div class=\"dt-fancy-title\" style=\"color: #243154;\"><span class=\"separator-holder separator-left\"><\/span>SERVICES<span class=\"separator-holder separator-right\"><\/span><\/div><\/div>[vc_separator color=&#8221;custom&#8221; align=&#8221;align_left&#8221; accent_color=&#8221;#243154&#8243;]<div class=\"ult-spacer spacer-69e759f3cdfed\" data-id=\"69e759f3cdfed\" data-height=\"10\" data-height-mobile=\"10\" data-height-tab=\"10\" data-height-tab-portrait=\"\" data-height-mobile-landscape=\"\" style=\"clear:both;display:block;\"><\/div>[vc_widget_sidebar sidebar_id=&#8221;smartslider_area_1&#8243;][\/vc_column][\/vc_row][vc_row][vc_column]<div class=\"ult-spacer spacer-69e759f3ce000\" data-id=\"69e759f3ce000\" data-height=\"50\" data-height-mobile=\"50\" data-height-tab=\"50\" data-height-tab-portrait=\"\" data-height-mobile-landscape=\"\" style=\"clear:both;display:block;\"><\/div>[\/vc_column][\/vc_row][vc_row full_width=&#8221;stretch_row&#8221; bg_type=&#8221;image&#8221; parallax_style=&#8221;vcpb-vz-jquery&#8221; bg_image_new=&#8221;id^4069|url^https:\/\/aldaghukuk.com\/en\/wp-content\/uploads\/2021\/10\/ebulten-arkaplan.jpg|caption^null|alt^null|title^ebulten-arkaplan|description^null&#8221; bg_image_repeat=&#8221;no-repeat&#8221; bg_img_attach=&#8221;fixed&#8221; disable_on_mobile_img_parallax=&#8221;disable_on_mobile_img_parallax_value&#8221;][vc_column]<div class=\"ult-spacer spacer-69e759f3ce00e\" data-id=\"69e759f3ce00e\" data-height=\"60\" data-height-mobile=\"60\" data-height-tab=\"60\" data-height-tab-portrait=\"\" data-height-mobile-landscape=\"\" style=\"clear:both;display:block;\"><\/div><div class=\"dt-fancy-separator h3-size style-disabled\" style=\"width: 100%;\"><div class=\"dt-fancy-title\" style=\"color: #ffffff;\"><span class=\"separator-holder separator-left\"><\/span>Be informed about legal developments.<span class=\"separator-holder separator-right\"><\/span><\/div><\/div><div class=\"ult-spacer spacer-69e759f3ce035\" data-id=\"69e759f3ce035\" data-height=\"30\" data-height-mobile=\"30\" data-height-tab=\"30\" data-height-tab-portrait=\"\" data-height-mobile-landscape=\"\" style=\"clear:both;display:block;\"><\/div>[vc_row_inner][vc_column_inner width=&#8221;1\/3&#8243;][\/vc_column_inner][vc_column_inner width=&#8221;1\/3&#8243;][vc_widget_sidebar show_bg=&#8221;false&#8221; sidebar_id=&#8221;sidebar_3&#8243;][\/vc_column_inner][vc_column_inner width=&#8221;1\/3&#8243;][\/vc_column_inner][\/vc_row_inner]<div class=\"ult-spacer spacer-69e759f3ce043\" data-id=\"69e759f3ce043\" data-height=\"60\" data-height-mobile=\"60\" data-height-tab=\"60\" data-height-tab-portrait=\"\" data-height-mobile-landscape=\"\" style=\"clear:both;display:block;\"><\/div>[\/vc_column][\/vc_row]<\/p>\n","protected":false},"excerpt":{"rendered":"<p>[vc_row css_animation=&#8221;none&#8221; bg_type=&#8221;bg_color&#8221; bg_color_value=&#8221;#ffffff&#8221; css=&#8221;.vc_custom_1635880142999{padding-top: 20px !important;padding-right: 20px !important;padding-bottom: 20px !important;padding-left: 20px !important;}&#8221;][vc_column css_animation=&#8221;none&#8221; width=&#8221;2\/3&#8243;][vc_single_image image=&#8221;4425&#8243; img_size=&#8221;large&#8221;][vc_column_text] Alda\u011f Hukuk&amp;Dan\u0131\u015fmanl\u0131k,\u00a0Uluslararas\u0131 \u0130\u015flemler ve Uyu\u015fmazl\u0131k \u00c7\u00f6z\u00fcm\u00fc alan\u0131nda, uluslararas\u0131 ticari i\u015flem veya ticari anla\u015fmazl\u0131klar konusunda yerli ve yabanc\u0131 m\u00fcvekkillerini akademisyen deste\u011fiyle temsili etmekte, dan\u0131\u015fmanl\u0131k hizmetleri vermektedir.\u00a0Alda\u011f Hukuk&amp;Dan\u0131\u015fmanl\u0131k, yabanc\u0131 m\u00fcvekkillerine, T\u00fcrkiye&#8217;deki i\u015flemlerinin ba\u015flat\u0131lmas\u0131 ve y\u00fcr\u00fct\u00fclmesi;\u00a0 bu i\u015flemlerinin T\u00fcrk ve\/veya kendi&hellip;<\/p>\n","protected":false},"author":1,"featured_media":0,"parent":0,"menu_order":0,"comment_status":"closed","ping_status":"closed","template":"","meta":[],"class_list":["post-4413","page","type-page","status-publish","hentry","description-off"],"_links":{"self":[{"href":"https:\/\/aldaghukuk.com\/en\/wp-json\/wp\/v2\/pages\/4413","targetHints":{"allow":["GET"]}}],"collection":[{"href":"https:\/\/aldaghukuk.com\/en\/wp-json\/wp\/v2\/pages"}],"about":[{"href":"https:\/\/aldaghukuk.com\/en\/wp-json\/wp\/v2\/types\/page"}],"author":[{"embeddable":true,"href":"https:\/\/aldaghukuk.com\/en\/wp-json\/wp\/v2\/users\/1"}],"replies":[{"embeddable":true,"href":"https:\/\/aldaghukuk.com\/en\/wp-json\/wp\/v2\/comments?post=4413"}],"version-history":[{"count":5,"href":"https:\/\/aldaghukuk.com\/en\/wp-json\/wp\/v2\/pages\/4413\/revisions"}],"predecessor-version":[{"id":4966,"href":"https:\/\/aldaghukuk.com\/en\/wp-json\/wp\/v2\/pages\/4413\/revisions\/4966"}],"wp:attachment":[{"href":"https:\/\/aldaghukuk.com\/en\/wp-json\/wp\/v2\/media?parent=4413"}],"curies":[{"name":"wp","href":"https:\/\/api.w.org\/{rel}","templated":true}]}}